{"id":3653,"date":"2025-11-19T14:06:47","date_gmt":"2025-11-19T13:06:47","guid":{"rendered":"https:\/\/big-ogrod.pl\/?post_type=product&#038;p=3653"},"modified":"2026-03-25T08:37:07","modified_gmt":"2026-03-25T07:37:07","slug":"grabie-do-siana-s18-glowica-click-clack","status":"publish","type":"product","link":"https:\/\/big-ogrod.pl\/en\/product\/grabie-do-siana-s18-glowica-click-clack\/","title":{"rendered":"Hay rake S18 head Click-Clack system"},"content":{"rendered":"","protected":false},"excerpt":{"rendered":"<ul>\n<li>The Click-Clak system is a convenient tool-free mounting solution.<\/li>\n<li>One handle fits all Click-Clak heads<\/li>\n<li>head made of break-resistant plastic<\/li>\n<li>a very wide working part is suitable for work on large areas<\/li>\n<\/ul>","protected":false},"featured_media":5057,"template":"","meta":[],"product_brand":[],"product_cat":[2339,24,641,2341,23,2376],"product_tag":[],"class_list":{"0":"post-3653","1":"product","2":"type-product","3":"status-publish","4":"has-post-thumbnail","6":"product_cat-grabie","7":"product_cat-grabie-areatory","8":"product_cat-nowosci-2","9":"product_cat-grabie-plastikowe","10":"product_cat-produkty","11":"product_cat-click-clack","13":"first","14":"instock","15":"shipping-taxable","16":"product-type-simple"},"yoast_head":"<!-- This site is optimized with the Yoast SEO plugin v27.4 - https:\/\/yoast.com\/product\/yoast-seo-wordpress\/ -->\n<title>Grabie do siana S18 g\u0142owica click-clack - BIG Ogr\u00f3d<\/title>\n<meta name=\"robots\" content=\"index, follow, max-snippet:-1, max-image-preview:large, max-video-preview:-1\" \/>\n<link rel=\"canonical\" href=\"https:\/\/big-ogrod.pl\/en\/product\/grabie-do-siana-s18-glowica-click-clack\/\" \/>\n<meta property=\"og:locale\" content=\"en_US\" \/>\n<meta property=\"og:type\" content=\"article\" \/>\n<meta property=\"og:title\" content=\"Grabie do siana S18 g\u0142owica click-clack - BIG Ogr\u00f3d\" \/>\n<meta property=\"og:description\" content=\"system Click- Clak to wygodne rozwi\u0105zanie mocowania beznarz\u0119dziowego  jeden trzonek pasuje do wszystkich g\u0142owic z systemu Click-clak  g\u0142owica wykonana ze sztywnego plastiku, wytrzyma\u0142ego na z\u0142amania  bardzo szeroka cz\u0119\u015b\u0107 robocza sprawdzi si\u0119 przy pracach na du\u017cym terenie\" \/>\n<meta property=\"og:url\" content=\"https:\/\/big-ogrod.pl\/en\/product\/grabie-do-siana-s18-glowica-click-clack\/\" \/>\n<meta property=\"og:site_name\" content=\"BIG Ogr\u00f3d\" \/>\n<meta property=\"article:modified_time\" content=\"2026-03-25T07:37:07+00:00\" \/>\n<meta property=\"og:image\" content=\"https:\/\/big-ogrod.pl\/wp-content\/uploads\/2025\/11\/ccs18-2.jpg\" \/>\n\t<meta property=\"og:image:width\" content=\"1231\" \/>\n\t<meta property=\"og:image:height\" content=\"552\" \/>\n\t<meta property=\"og:image:type\" content=\"image\/jpeg\" \/>\n<meta name=\"twitter:card\" content=\"summary_large_image\" \/>\n<meta name=\"twitter:label1\" content=\"Est. reading time\" \/>\n\t<meta name=\"twitter:data1\" content=\"1 minute\" \/>\n<script type=\"application\/ld+json\" class=\"yoast-schema-graph\">{\"@context\":\"https:\\\/\\\/schema.org\",\"@graph\":[{\"@type\":\"WebPage\",\"@id\":\"https:\\\/\\\/big-ogrod.pl\\\/produkt\\\/grabie-do-siana-s18-glowica-click-clack\\\/\",\"url\":\"https:\\\/\\\/big-ogrod.pl\\\/produkt\\\/grabie-do-siana-s18-glowica-click-clack\\\/\",\"name\":\"Grabie do siana S18 g\u0142owica click-clack - BIG Ogr\u00f3d\",\"isPartOf\":{\"@id\":\"https:\\\/\\\/big-ogrod.pl\\\/#website\"},\"primaryImageOfPage\":{\"@id\":\"https:\\\/\\\/big-ogrod.pl\\\/produkt\\\/grabie-do-siana-s18-glowica-click-clack\\\/#primaryimage\"},\"image\":{\"@id\":\"https:\\\/\\\/big-ogrod.pl\\\/produkt\\\/grabie-do-siana-s18-glowica-click-clack\\\/#primaryimage\"},\"thumbnailUrl\":\"https:\\\/\\\/big-ogrod.pl\\\/wp-content\\\/uploads\\\/2025\\\/11\\\/ccs18-2.jpg\",\"datePublished\":\"2025-11-19T13:06:47+00:00\",\"dateModified\":\"2026-03-25T07:37:07+00:00\",\"breadcrumb\":{\"@id\":\"https:\\\/\\\/big-ogrod.pl\\\/produkt\\\/grabie-do-siana-s18-glowica-click-clack\\\/#breadcrumb\"},\"inLanguage\":\"en-US\",\"potentialAction\":[{\"@type\":\"ReadAction\",\"target\":[\"https:\\\/\\\/big-ogrod.pl\\\/produkt\\\/grabie-do-siana-s18-glowica-click-clack\\\/\"]}]},{\"@type\":\"ImageObject\",\"inLanguage\":\"en-US\",\"@id\":\"https:\\\/\\\/big-ogrod.pl\\\/produkt\\\/grabie-do-siana-s18-glowica-click-clack\\\/#primaryimage\",\"url\":\"https:\\\/\\\/big-ogrod.pl\\\/wp-content\\\/uploads\\\/2025\\\/11\\\/ccs18-2.jpg\",\"contentUrl\":\"https:\\\/\\\/big-ogrod.pl\\\/wp-content\\\/uploads\\\/2025\\\/11\\\/ccs18-2.jpg\",\"width\":1231,\"height\":552},{\"@type\":\"BreadcrumbList\",\"@id\":\"https:\\\/\\\/big-ogrod.pl\\\/produkt\\\/grabie-do-siana-s18-glowica-click-clack\\\/#breadcrumb\",\"itemListElement\":[{\"@type\":\"ListItem\",\"position\":1,\"name\":\"Strona g\u0142\u00f3wna\",\"item\":\"https:\\\/\\\/big-ogrod.pl\\\/\"},{\"@type\":\"ListItem\",\"position\":2,\"name\":\"Produkty\",\"item\":\"https:\\\/\\\/big-ogrod.pl\\\/sklep\\\/\"},{\"@type\":\"ListItem\",\"position\":3,\"name\":\"Grabie do siana S18 g\u0142owica click-clack\"}]},{\"@type\":\"WebSite\",\"@id\":\"https:\\\/\\\/big-ogrod.pl\\\/#website\",\"url\":\"https:\\\/\\\/big-ogrod.pl\\\/\",\"name\":\"BIG Ogr\u00f3d\",\"description\":\"\",\"publisher\":{\"@id\":\"https:\\\/\\\/big-ogrod.pl\\\/#organization\"},\"potentialAction\":[{\"@type\":\"SearchAction\",\"target\":{\"@type\":\"EntryPoint\",\"urlTemplate\":\"https:\\\/\\\/big-ogrod.pl\\\/?s={search_term_string}\"},\"query-input\":{\"@type\":\"PropertyValueSpecification\",\"valueRequired\":true,\"valueName\":\"search_term_string\"}}],\"inLanguage\":\"en-US\"},{\"@type\":\"Organization\",\"@id\":\"https:\\\/\\\/big-ogrod.pl\\\/#organization\",\"name\":\"BIG Ogr\u00f3d\",\"url\":\"https:\\\/\\\/big-ogrod.pl\\\/\",\"logo\":{\"@type\":\"ImageObject\",\"inLanguage\":\"en-US\",\"@id\":\"https:\\\/\\\/big-ogrod.pl\\\/#\\\/schema\\\/logo\\\/image\\\/\",\"url\":\"https:\\\/\\\/big-ogrod.pl\\\/wp-content\\\/uploads\\\/2025\\\/10\\\/Logo_Org_Scaled.png\",\"contentUrl\":\"https:\\\/\\\/big-ogrod.pl\\\/wp-content\\\/uploads\\\/2025\\\/10\\\/Logo_Org_Scaled.png\",\"width\":250,\"height\":68,\"caption\":\"BIG Ogr\u00f3d\"},\"image\":{\"@id\":\"https:\\\/\\\/big-ogrod.pl\\\/#\\\/schema\\\/logo\\\/image\\\/\"}}]}<\/script>\n<!-- \/ Yoast SEO plugin. -->","yoast_head_json":{"title":"Grabie do siana S18 g\u0142owica click-clack - BIG Ogr\u00f3d","robots":{"index":"index","follow":"follow","max-snippet":"max-snippet:-1","max-image-preview":"max-image-preview:large","max-video-preview":"max-video-preview:-1"},"canonical":"https:\/\/big-ogrod.pl\/en\/product\/grabie-do-siana-s18-glowica-click-clack\/","og_locale":"en_US","og_type":"article","og_title":"Grabie do siana S18 g\u0142owica click-clack - BIG Ogr\u00f3d","og_description":"system Click- Clak to wygodne rozwi\u0105zanie mocowania beznarz\u0119dziowego  jeden trzonek pasuje do wszystkich g\u0142owic z systemu Click-clak  g\u0142owica wykonana ze sztywnego plastiku, wytrzyma\u0142ego na z\u0142amania  bardzo szeroka cz\u0119\u015b\u0107 robocza sprawdzi si\u0119 przy pracach na du\u017cym terenie","og_url":"https:\/\/big-ogrod.pl\/en\/product\/grabie-do-siana-s18-glowica-click-clack\/","og_site_name":"BIG Ogr\u00f3d","article_modified_time":"2026-03-25T07:37:07+00:00","og_image":[{"width":1231,"height":552,"url":"https:\/\/big-ogrod.pl\/wp-content\/uploads\/2025\/11\/ccs18-2.jpg","type":"image\/jpeg"}],"twitter_card":"summary_large_image","twitter_misc":{"Est. reading time":"1 minute"},"schema":{"@context":"https:\/\/schema.org","@graph":[{"@type":"WebPage","@id":"https:\/\/big-ogrod.pl\/produkt\/grabie-do-siana-s18-glowica-click-clack\/","url":"https:\/\/big-ogrod.pl\/produkt\/grabie-do-siana-s18-glowica-click-clack\/","name":"Grabie do siana S18 g\u0142owica click-clack - BIG Ogr\u00f3d","isPartOf":{"@id":"https:\/\/big-ogrod.pl\/#website"},"primaryImageOfPage":{"@id":"https:\/\/big-ogrod.pl\/produkt\/grabie-do-siana-s18-glowica-click-clack\/#primaryimage"},"image":{"@id":"https:\/\/big-ogrod.pl\/produkt\/grabie-do-siana-s18-glowica-click-clack\/#primaryimage"},"thumbnailUrl":"https:\/\/big-ogrod.pl\/wp-content\/uploads\/2025\/11\/ccs18-2.jpg","datePublished":"2025-11-19T13:06:47+00:00","dateModified":"2026-03-25T07:37:07+00:00","breadcrumb":{"@id":"https:\/\/big-ogrod.pl\/produkt\/grabie-do-siana-s18-glowica-click-clack\/#breadcrumb"},"inLanguage":"en-US","potentialAction":[{"@type":"ReadAction","target":["https:\/\/big-ogrod.pl\/produkt\/grabie-do-siana-s18-glowica-click-clack\/"]}]},{"@type":"ImageObject","inLanguage":"en-US","@id":"https:\/\/big-ogrod.pl\/produkt\/grabie-do-siana-s18-glowica-click-clack\/#primaryimage","url":"https:\/\/big-ogrod.pl\/wp-content\/uploads\/2025\/11\/ccs18-2.jpg","contentUrl":"https:\/\/big-ogrod.pl\/wp-content\/uploads\/2025\/11\/ccs18-2.jpg","width":1231,"height":552},{"@type":"BreadcrumbList","@id":"https:\/\/big-ogrod.pl\/produkt\/grabie-do-siana-s18-glowica-click-clack\/#breadcrumb","itemListElement":[{"@type":"ListItem","position":1,"name":"Strona g\u0142\u00f3wna","item":"https:\/\/big-ogrod.pl\/"},{"@type":"ListItem","position":2,"name":"Produkty","item":"https:\/\/big-ogrod.pl\/sklep\/"},{"@type":"ListItem","position":3,"name":"Grabie do siana S18 g\u0142owica click-clack"}]},{"@type":"WebSite","@id":"https:\/\/big-ogrod.pl\/#website","url":"https:\/\/big-ogrod.pl\/","name":"BIG Ogr\u00f3d","description":"","publisher":{"@id":"https:\/\/big-ogrod.pl\/#organization"},"potentialAction":[{"@type":"SearchAction","target":{"@type":"EntryPoint","urlTemplate":"https:\/\/big-ogrod.pl\/?s={search_term_string}"},"query-input":{"@type":"PropertyValueSpecification","valueRequired":true,"valueName":"search_term_string"}}],"inLanguage":"en-US"},{"@type":"Organization","@id":"https:\/\/big-ogrod.pl\/#organization","name":"BIG Ogr\u00f3d","url":"https:\/\/big-ogrod.pl\/","logo":{"@type":"ImageObject","inLanguage":"en-US","@id":"https:\/\/big-ogrod.pl\/#\/schema\/logo\/image\/","url":"https:\/\/big-ogrod.pl\/wp-content\/uploads\/2025\/10\/Logo_Org_Scaled.png","contentUrl":"https:\/\/big-ogrod.pl\/wp-content\/uploads\/2025\/10\/Logo_Org_Scaled.png","width":250,"height":68,"caption":"BIG Ogr\u00f3d"},"image":{"@id":"https:\/\/big-ogrod.pl\/#\/schema\/logo\/image\/"}}]}},"_links":{"self":[{"href":"https:\/\/big-ogrod.pl\/en\/wp-json\/wp\/v2\/product\/3653","targetHints":{"allow":["GET"]}}],"collection":[{"href":"https:\/\/big-ogrod.pl\/en\/wp-json\/wp\/v2\/product"}],"about":[{"href":"https:\/\/big-ogrod.pl\/en\/wp-json\/wp\/v2\/types\/product"}],"version-history":[{"count":1,"href":"https:\/\/big-ogrod.pl\/en\/wp-json\/wp\/v2\/product\/3653\/revisions"}],"predecessor-version":[{"id":4134,"href":"https:\/\/big-ogrod.pl\/en\/wp-json\/wp\/v2\/product\/3653\/revisions\/4134"}],"wp:featuredmedia":[{"embeddable":true,"href":"https:\/\/big-ogrod.pl\/en\/wp-json\/wp\/v2\/media\/5057"}],"wp:attachment":[{"href":"https:\/\/big-ogrod.pl\/en\/wp-json\/wp\/v2\/media?parent=3653"}],"wp:term":[{"taxonomy":"product_brand","embeddable":true,"href":"https:\/\/big-ogrod.pl\/en\/wp-json\/wp\/v2\/product_brand?post=3653"},{"taxonomy":"product_cat","embeddable":true,"href":"https:\/\/big-ogrod.pl\/en\/wp-json\/wp\/v2\/product_cat?post=3653"},{"taxonomy":"product_tag","embeddable":true,"href":"https:\/\/big-ogrod.pl\/en\/wp-json\/wp\/v2\/product_tag?post=3653"}],"curies":[{"name":"wp","href":"https:\/\/api.w.org\/{rel}","templated":true}]}}