{"id":2666,"date":"2025-10-20T21:38:23","date_gmt":"2025-10-20T19:38:23","guid":{"rendered":"https:\/\/big-ogrod.pl\/?post_type=product&#038;p=2666"},"modified":"2026-01-30T09:08:17","modified_gmt":"2026-01-30T08:08:17","slug":"nozyce-damskie-do-zywoplotu-linia-damska","status":"publish","type":"product","link":"https:\/\/big-ogrod.pl\/en\/product\/nozyce-damskie-do-zywoplotu-linia-damska\/","title":{"rendered":"Women's hedge shears"},"content":{"rendered":"","protected":false},"excerpt":{"rendered":"<ul>\n<li>durable blade made of carbon steel<\/li>\n<li>evenly distributed cutting force<\/li>\n<li>non-slip handles ensure comfort and convenience of work<\/li>\n<li>designed for cutting and shaping hedges and shrubs<\/li>\n<\/ul>\n<p>&nbsp;<\/p>","protected":false},"featured_media":4633,"template":"","meta":[],"product_brand":[],"product_cat":[2338,583,23,2364],"product_tag":[],"class_list":{"0":"post-2666","1":"product","2":"type-product","3":"status-publish","4":"has-post-thumbnail","6":"product_cat-linia-damska-new","7":"product_cat-linia-damska","8":"product_cat-produkty","9":"product_cat-produkty-mm","11":"first","12":"instock","13":"shipping-taxable","14":"product-type-simple"},"yoast_head":"<!-- This site is optimized with the Yoast SEO plugin v27.4 - https:\/\/yoast.com\/product\/yoast-seo-wordpress\/ -->\n<title>No\u017cyce damskie do \u017cywop\u0142otu Linia damska - BIG Ogr\u00f3d<\/title>\n<meta name=\"robots\" content=\"index, follow, max-snippet:-1, max-image-preview:large, max-video-preview:-1\" \/>\n<link rel=\"canonical\" href=\"https:\/\/big-ogrod.pl\/en\/product\/nozyce-damskie-do-zywoplotu-linia-damska\/\" \/>\n<meta property=\"og:locale\" content=\"en_US\" \/>\n<meta property=\"og:type\" content=\"article\" \/>\n<meta property=\"og:title\" content=\"No\u017cyce damskie do \u017cywop\u0142otu Linia damska - BIG Ogr\u00f3d\" \/>\n<meta property=\"og:description\" content=\"trwa\u0142e ostrze wykonane ze stali w\u0119glowej  r\u00f3wnomiernie rozprowadzona si\u0142a ci\u0119cia  antypo\u015blizgowe uchwyty zapewniaj\u0105 komfort i wygod\u0119 pracy  przeznaczony do ci\u0119cia i formu\u0142owania \u017cywop\u0142ot\u00f3w i krzew\u00f3w  &nbsp;\" \/>\n<meta property=\"og:url\" content=\"https:\/\/big-ogrod.pl\/en\/product\/nozyce-damskie-do-zywoplotu-linia-damska\/\" \/>\n<meta property=\"og:site_name\" content=\"BIG Ogr\u00f3d\" \/>\n<meta property=\"article:modified_time\" content=\"2026-01-30T08:08:17+00:00\" \/>\n<meta property=\"og:image\" content=\"https:\/\/big-ogrod.pl\/wp-content\/uploads\/2025\/10\/NZD-scaled.jpg\" \/>\n\t<meta property=\"og:image:width\" content=\"2239\" \/>\n\t<meta property=\"og:image:height\" content=\"2560\" \/>\n\t<meta property=\"og:image:type\" content=\"image\/jpeg\" \/>\n<meta name=\"twitter:card\" content=\"summary_large_image\" \/>\n<meta name=\"twitter:label1\" content=\"Est. reading time\" \/>\n\t<meta name=\"twitter:data1\" content=\"1 minute\" \/>\n<script type=\"application\/ld+json\" class=\"yoast-schema-graph\">{\"@context\":\"https:\\\/\\\/schema.org\",\"@graph\":[{\"@type\":\"WebPage\",\"@id\":\"https:\\\/\\\/big-ogrod.pl\\\/produkt\\\/nozyce-damskie-do-zywoplotu-linia-damska\\\/\",\"url\":\"https:\\\/\\\/big-ogrod.pl\\\/produkt\\\/nozyce-damskie-do-zywoplotu-linia-damska\\\/\",\"name\":\"No\u017cyce damskie do \u017cywop\u0142otu Linia damska - BIG Ogr\u00f3d\",\"isPartOf\":{\"@id\":\"https:\\\/\\\/big-ogrod.pl\\\/#website\"},\"primaryImageOfPage\":{\"@id\":\"https:\\\/\\\/big-ogrod.pl\\\/produkt\\\/nozyce-damskie-do-zywoplotu-linia-damska\\\/#primaryimage\"},\"image\":{\"@id\":\"https:\\\/\\\/big-ogrod.pl\\\/produkt\\\/nozyce-damskie-do-zywoplotu-linia-damska\\\/#primaryimage\"},\"thumbnailUrl\":\"https:\\\/\\\/big-ogrod.pl\\\/wp-content\\\/uploads\\\/2025\\\/10\\\/NZD-scaled.jpg\",\"datePublished\":\"2025-10-20T19:38:23+00:00\",\"dateModified\":\"2026-01-30T08:08:17+00:00\",\"breadcrumb\":{\"@id\":\"https:\\\/\\\/big-ogrod.pl\\\/produkt\\\/nozyce-damskie-do-zywoplotu-linia-damska\\\/#breadcrumb\"},\"inLanguage\":\"en-US\",\"potentialAction\":[{\"@type\":\"ReadAction\",\"target\":[\"https:\\\/\\\/big-ogrod.pl\\\/produkt\\\/nozyce-damskie-do-zywoplotu-linia-damska\\\/\"]}]},{\"@type\":\"ImageObject\",\"inLanguage\":\"en-US\",\"@id\":\"https:\\\/\\\/big-ogrod.pl\\\/produkt\\\/nozyce-damskie-do-zywoplotu-linia-damska\\\/#primaryimage\",\"url\":\"https:\\\/\\\/big-ogrod.pl\\\/wp-content\\\/uploads\\\/2025\\\/10\\\/NZD-scaled.jpg\",\"contentUrl\":\"https:\\\/\\\/big-ogrod.pl\\\/wp-content\\\/uploads\\\/2025\\\/10\\\/NZD-scaled.jpg\",\"width\":2239,\"height\":2560},{\"@type\":\"BreadcrumbList\",\"@id\":\"https:\\\/\\\/big-ogrod.pl\\\/produkt\\\/nozyce-damskie-do-zywoplotu-linia-damska\\\/#breadcrumb\",\"itemListElement\":[{\"@type\":\"ListItem\",\"position\":1,\"name\":\"Strona g\u0142\u00f3wna\",\"item\":\"https:\\\/\\\/big-ogrod.pl\\\/\"},{\"@type\":\"ListItem\",\"position\":2,\"name\":\"Produkty\",\"item\":\"https:\\\/\\\/big-ogrod.pl\\\/sklep\\\/\"},{\"@type\":\"ListItem\",\"position\":3,\"name\":\"No\u017cyce damskie do \u017cywop\u0142otu Linia damska\"}]},{\"@type\":\"WebSite\",\"@id\":\"https:\\\/\\\/big-ogrod.pl\\\/#website\",\"url\":\"https:\\\/\\\/big-ogrod.pl\\\/\",\"name\":\"BIG Ogr\u00f3d\",\"description\":\"\",\"publisher\":{\"@id\":\"https:\\\/\\\/big-ogrod.pl\\\/#organization\"},\"potentialAction\":[{\"@type\":\"SearchAction\",\"target\":{\"@type\":\"EntryPoint\",\"urlTemplate\":\"https:\\\/\\\/big-ogrod.pl\\\/?s={search_term_string}\"},\"query-input\":{\"@type\":\"PropertyValueSpecification\",\"valueRequired\":true,\"valueName\":\"search_term_string\"}}],\"inLanguage\":\"en-US\"},{\"@type\":\"Organization\",\"@id\":\"https:\\\/\\\/big-ogrod.pl\\\/#organization\",\"name\":\"BIG Ogr\u00f3d\",\"url\":\"https:\\\/\\\/big-ogrod.pl\\\/\",\"logo\":{\"@type\":\"ImageObject\",\"inLanguage\":\"en-US\",\"@id\":\"https:\\\/\\\/big-ogrod.pl\\\/#\\\/schema\\\/logo\\\/image\\\/\",\"url\":\"https:\\\/\\\/big-ogrod.pl\\\/wp-content\\\/uploads\\\/2025\\\/10\\\/Logo_Org_Scaled.png\",\"contentUrl\":\"https:\\\/\\\/big-ogrod.pl\\\/wp-content\\\/uploads\\\/2025\\\/10\\\/Logo_Org_Scaled.png\",\"width\":250,\"height\":68,\"caption\":\"BIG Ogr\u00f3d\"},\"image\":{\"@id\":\"https:\\\/\\\/big-ogrod.pl\\\/#\\\/schema\\\/logo\\\/image\\\/\"}}]}<\/script>\n<!-- \/ Yoast SEO plugin. -->","yoast_head_json":{"title":"No\u017cyce damskie do \u017cywop\u0142otu Linia damska - BIG Ogr\u00f3d","robots":{"index":"index","follow":"follow","max-snippet":"max-snippet:-1","max-image-preview":"max-image-preview:large","max-video-preview":"max-video-preview:-1"},"canonical":"https:\/\/big-ogrod.pl\/en\/product\/nozyce-damskie-do-zywoplotu-linia-damska\/","og_locale":"en_US","og_type":"article","og_title":"No\u017cyce damskie do \u017cywop\u0142otu Linia damska - BIG Ogr\u00f3d","og_description":"trwa\u0142e ostrze wykonane ze stali w\u0119glowej  r\u00f3wnomiernie rozprowadzona si\u0142a ci\u0119cia  antypo\u015blizgowe uchwyty zapewniaj\u0105 komfort i wygod\u0119 pracy  przeznaczony do ci\u0119cia i formu\u0142owania \u017cywop\u0142ot\u00f3w i krzew\u00f3w  &nbsp;","og_url":"https:\/\/big-ogrod.pl\/en\/product\/nozyce-damskie-do-zywoplotu-linia-damska\/","og_site_name":"BIG Ogr\u00f3d","article_modified_time":"2026-01-30T08:08:17+00:00","og_image":[{"width":2239,"height":2560,"url":"https:\/\/big-ogrod.pl\/wp-content\/uploads\/2025\/10\/NZD-scaled.jpg","type":"image\/jpeg"}],"twitter_card":"summary_large_image","twitter_misc":{"Est. reading time":"1 minute"},"schema":{"@context":"https:\/\/schema.org","@graph":[{"@type":"WebPage","@id":"https:\/\/big-ogrod.pl\/produkt\/nozyce-damskie-do-zywoplotu-linia-damska\/","url":"https:\/\/big-ogrod.pl\/produkt\/nozyce-damskie-do-zywoplotu-linia-damska\/","name":"No\u017cyce damskie do \u017cywop\u0142otu Linia damska - BIG Ogr\u00f3d","isPartOf":{"@id":"https:\/\/big-ogrod.pl\/#website"},"primaryImageOfPage":{"@id":"https:\/\/big-ogrod.pl\/produkt\/nozyce-damskie-do-zywoplotu-linia-damska\/#primaryimage"},"image":{"@id":"https:\/\/big-ogrod.pl\/produkt\/nozyce-damskie-do-zywoplotu-linia-damska\/#primaryimage"},"thumbnailUrl":"https:\/\/big-ogrod.pl\/wp-content\/uploads\/2025\/10\/NZD-scaled.jpg","datePublished":"2025-10-20T19:38:23+00:00","dateModified":"2026-01-30T08:08:17+00:00","breadcrumb":{"@id":"https:\/\/big-ogrod.pl\/produkt\/nozyce-damskie-do-zywoplotu-linia-damska\/#breadcrumb"},"inLanguage":"en-US","potentialAction":[{"@type":"ReadAction","target":["https:\/\/big-ogrod.pl\/produkt\/nozyce-damskie-do-zywoplotu-linia-damska\/"]}]},{"@type":"ImageObject","inLanguage":"en-US","@id":"https:\/\/big-ogrod.pl\/produkt\/nozyce-damskie-do-zywoplotu-linia-damska\/#primaryimage","url":"https:\/\/big-ogrod.pl\/wp-content\/uploads\/2025\/10\/NZD-scaled.jpg","contentUrl":"https:\/\/big-ogrod.pl\/wp-content\/uploads\/2025\/10\/NZD-scaled.jpg","width":2239,"height":2560},{"@type":"BreadcrumbList","@id":"https:\/\/big-ogrod.pl\/produkt\/nozyce-damskie-do-zywoplotu-linia-damska\/#breadcrumb","itemListElement":[{"@type":"ListItem","position":1,"name":"Strona g\u0142\u00f3wna","item":"https:\/\/big-ogrod.pl\/"},{"@type":"ListItem","position":2,"name":"Produkty","item":"https:\/\/big-ogrod.pl\/sklep\/"},{"@type":"ListItem","position":3,"name":"No\u017cyce damskie do \u017cywop\u0142otu Linia damska"}]},{"@type":"WebSite","@id":"https:\/\/big-ogrod.pl\/#website","url":"https:\/\/big-ogrod.pl\/","name":"BIG Ogr\u00f3d","description":"","publisher":{"@id":"https:\/\/big-ogrod.pl\/#organization"},"potentialAction":[{"@type":"SearchAction","target":{"@type":"EntryPoint","urlTemplate":"https:\/\/big-ogrod.pl\/?s={search_term_string}"},"query-input":{"@type":"PropertyValueSpecification","valueRequired":true,"valueName":"search_term_string"}}],"inLanguage":"en-US"},{"@type":"Organization","@id":"https:\/\/big-ogrod.pl\/#organization","name":"BIG Ogr\u00f3d","url":"https:\/\/big-ogrod.pl\/","logo":{"@type":"ImageObject","inLanguage":"en-US","@id":"https:\/\/big-ogrod.pl\/#\/schema\/logo\/image\/","url":"https:\/\/big-ogrod.pl\/wp-content\/uploads\/2025\/10\/Logo_Org_Scaled.png","contentUrl":"https:\/\/big-ogrod.pl\/wp-content\/uploads\/2025\/10\/Logo_Org_Scaled.png","width":250,"height":68,"caption":"BIG Ogr\u00f3d"},"image":{"@id":"https:\/\/big-ogrod.pl\/#\/schema\/logo\/image\/"}}]}},"_links":{"self":[{"href":"https:\/\/big-ogrod.pl\/en\/wp-json\/wp\/v2\/product\/2666","targetHints":{"allow":["GET"]}}],"collection":[{"href":"https:\/\/big-ogrod.pl\/en\/wp-json\/wp\/v2\/product"}],"about":[{"href":"https:\/\/big-ogrod.pl\/en\/wp-json\/wp\/v2\/types\/product"}],"version-history":[{"count":1,"href":"https:\/\/big-ogrod.pl\/en\/wp-json\/wp\/v2\/product\/2666\/revisions"}],"predecessor-version":[{"id":3856,"href":"https:\/\/big-ogrod.pl\/en\/wp-json\/wp\/v2\/product\/2666\/revisions\/3856"}],"wp:featuredmedia":[{"embeddable":true,"href":"https:\/\/big-ogrod.pl\/en\/wp-json\/wp\/v2\/media\/4633"}],"wp:attachment":[{"href":"https:\/\/big-ogrod.pl\/en\/wp-json\/wp\/v2\/media?parent=2666"}],"wp:term":[{"taxonomy":"product_brand","embeddable":true,"href":"https:\/\/big-ogrod.pl\/en\/wp-json\/wp\/v2\/product_brand?post=2666"},{"taxonomy":"product_cat","embeddable":true,"href":"https:\/\/big-ogrod.pl\/en\/wp-json\/wp\/v2\/product_cat?post=2666"},{"taxonomy":"product_tag","embeddable":true,"href":"https:\/\/big-ogrod.pl\/en\/wp-json\/wp\/v2\/product_tag?post=2666"}],"curies":[{"name":"wp","href":"https:\/\/api.w.org\/{rel}","templated":true}]}}