{"id":2663,"date":"2025-10-20T21:38:23","date_gmt":"2025-10-20T19:38:23","guid":{"rendered":"https:\/\/big-ogrod.pl\/?post_type=product&#038;p=2663"},"modified":"2026-03-30T13:31:24","modified_gmt":"2026-03-30T11:31:24","slug":"niwelator-do-trawnika-duzy-90-cm","status":"publish","type":"product","link":"https:\/\/big-ogrod.pl\/en\/product\/niwelator-do-trawnika-duzy-90-cm\/","title":{"rendered":"Large lawn leveler 90 cm"},"content":{"rendered":"","protected":false},"excerpt":{"rendered":"<ul>\n<li>a tool intended for the maintenance of green areas<\/li>\n<li>long, varnished pine handle improves work ergonomics<\/li>\n<li>ideal for evenly preparing the ground for a new lawn<\/li>\n<li>useful for spreading materials (e.g. sand) on the lawn after aeration<\/li>\n<li>solid and stable construction<\/li>\n<\/ul>","protected":false},"featured_media":4665,"template":"","meta":[],"product_brand":[],"product_cat":[2339,24,640,641,2364],"product_tag":[],"class_list":{"0":"post-2663","1":"product","2":"type-product","3":"status-publish","4":"has-post-thumbnail","6":"product_cat-grabie","7":"product_cat-grabie-areatory","8":"product_cat-nowosci","9":"product_cat-nowosci-2","10":"product_cat-produkty-mm","12":"first","13":"instock","14":"shipping-taxable","15":"product-type-simple"},"yoast_head":"<!-- This site is optimized with the Yoast SEO plugin v27.4 - https:\/\/yoast.com\/product\/yoast-seo-wordpress\/ -->\n<title>Niwelator do trawnika du\u017cy 90 cm - BIG Ogr\u00f3d<\/title>\n<meta name=\"robots\" content=\"index, follow, max-snippet:-1, max-image-preview:large, max-video-preview:-1\" \/>\n<link rel=\"canonical\" href=\"https:\/\/big-ogrod.pl\/en\/product\/niwelator-do-trawnika-duzy-90-cm\/\" \/>\n<meta property=\"og:locale\" content=\"en_US\" \/>\n<meta property=\"og:type\" content=\"article\" \/>\n<meta property=\"og:title\" content=\"Niwelator do trawnika du\u017cy 90 cm - BIG Ogr\u00f3d\" \/>\n<meta property=\"og:description\" content=\"narz\u0119dzie przeznaczone do piel\u0119gnacji teren\u00f3w zielonych  d\u0142ugi, sosnowy trzonek lakierowany poprawia ergonomi\u0119 pracy  idealny do r\u00f3wnomiernego przygotowania pod\u0142o\u017ca pod nowy trawnik  przydatny w rozprowadzaniu materia\u0142\u00f3w (np. piasku) na trawniku po aeracji  solidna i stabilna konstrukcja\" \/>\n<meta property=\"og:url\" content=\"https:\/\/big-ogrod.pl\/en\/product\/niwelator-do-trawnika-duzy-90-cm\/\" \/>\n<meta property=\"og:site_name\" content=\"BIG Ogr\u00f3d\" \/>\n<meta property=\"article:modified_time\" content=\"2026-03-30T11:31:24+00:00\" \/>\n<meta property=\"og:image\" content=\"https:\/\/big-ogrod.pl\/wp-content\/uploads\/2025\/10\/NWD-scaled.jpg\" \/>\n\t<meta property=\"og:image:width\" content=\"1830\" \/>\n\t<meta property=\"og:image:height\" content=\"2560\" \/>\n\t<meta property=\"og:image:type\" content=\"image\/jpeg\" \/>\n<meta name=\"twitter:card\" content=\"summary_large_image\" \/>\n<meta name=\"twitter:label1\" content=\"Est. reading time\" \/>\n\t<meta name=\"twitter:data1\" content=\"1 minute\" \/>\n<script type=\"application\/ld+json\" class=\"yoast-schema-graph\">{\"@context\":\"https:\\\/\\\/schema.org\",\"@graph\":[{\"@type\":\"WebPage\",\"@id\":\"https:\\\/\\\/big-ogrod.pl\\\/produkt\\\/niwelator-do-trawnika-duzy-90-cm\\\/\",\"url\":\"https:\\\/\\\/big-ogrod.pl\\\/produkt\\\/niwelator-do-trawnika-duzy-90-cm\\\/\",\"name\":\"Niwelator do trawnika du\u017cy 90 cm - BIG Ogr\u00f3d\",\"isPartOf\":{\"@id\":\"https:\\\/\\\/big-ogrod.pl\\\/#website\"},\"primaryImageOfPage\":{\"@id\":\"https:\\\/\\\/big-ogrod.pl\\\/produkt\\\/niwelator-do-trawnika-duzy-90-cm\\\/#primaryimage\"},\"image\":{\"@id\":\"https:\\\/\\\/big-ogrod.pl\\\/produkt\\\/niwelator-do-trawnika-duzy-90-cm\\\/#primaryimage\"},\"thumbnailUrl\":\"https:\\\/\\\/big-ogrod.pl\\\/wp-content\\\/uploads\\\/2025\\\/10\\\/NWD-scaled.jpg\",\"datePublished\":\"2025-10-20T19:38:23+00:00\",\"dateModified\":\"2026-03-30T11:31:24+00:00\",\"breadcrumb\":{\"@id\":\"https:\\\/\\\/big-ogrod.pl\\\/produkt\\\/niwelator-do-trawnika-duzy-90-cm\\\/#breadcrumb\"},\"inLanguage\":\"en-US\",\"potentialAction\":[{\"@type\":\"ReadAction\",\"target\":[\"https:\\\/\\\/big-ogrod.pl\\\/produkt\\\/niwelator-do-trawnika-duzy-90-cm\\\/\"]}]},{\"@type\":\"ImageObject\",\"inLanguage\":\"en-US\",\"@id\":\"https:\\\/\\\/big-ogrod.pl\\\/produkt\\\/niwelator-do-trawnika-duzy-90-cm\\\/#primaryimage\",\"url\":\"https:\\\/\\\/big-ogrod.pl\\\/wp-content\\\/uploads\\\/2025\\\/10\\\/NWD-scaled.jpg\",\"contentUrl\":\"https:\\\/\\\/big-ogrod.pl\\\/wp-content\\\/uploads\\\/2025\\\/10\\\/NWD-scaled.jpg\",\"width\":1830,\"height\":2560},{\"@type\":\"BreadcrumbList\",\"@id\":\"https:\\\/\\\/big-ogrod.pl\\\/produkt\\\/niwelator-do-trawnika-duzy-90-cm\\\/#breadcrumb\",\"itemListElement\":[{\"@type\":\"ListItem\",\"position\":1,\"name\":\"Strona g\u0142\u00f3wna\",\"item\":\"https:\\\/\\\/big-ogrod.pl\\\/\"},{\"@type\":\"ListItem\",\"position\":2,\"name\":\"Produkty\",\"item\":\"https:\\\/\\\/big-ogrod.pl\\\/sklep\\\/\"},{\"@type\":\"ListItem\",\"position\":3,\"name\":\"Niwelator do trawnika du\u017cy 90 cm\"}]},{\"@type\":\"WebSite\",\"@id\":\"https:\\\/\\\/big-ogrod.pl\\\/#website\",\"url\":\"https:\\\/\\\/big-ogrod.pl\\\/\",\"name\":\"BIG Ogr\u00f3d\",\"description\":\"\",\"publisher\":{\"@id\":\"https:\\\/\\\/big-ogrod.pl\\\/#organization\"},\"potentialAction\":[{\"@type\":\"SearchAction\",\"target\":{\"@type\":\"EntryPoint\",\"urlTemplate\":\"https:\\\/\\\/big-ogrod.pl\\\/?s={search_term_string}\"},\"query-input\":{\"@type\":\"PropertyValueSpecification\",\"valueRequired\":true,\"valueName\":\"search_term_string\"}}],\"inLanguage\":\"en-US\"},{\"@type\":\"Organization\",\"@id\":\"https:\\\/\\\/big-ogrod.pl\\\/#organization\",\"name\":\"BIG Ogr\u00f3d\",\"url\":\"https:\\\/\\\/big-ogrod.pl\\\/\",\"logo\":{\"@type\":\"ImageObject\",\"inLanguage\":\"en-US\",\"@id\":\"https:\\\/\\\/big-ogrod.pl\\\/#\\\/schema\\\/logo\\\/image\\\/\",\"url\":\"https:\\\/\\\/big-ogrod.pl\\\/wp-content\\\/uploads\\\/2025\\\/10\\\/Logo_Org_Scaled.png\",\"contentUrl\":\"https:\\\/\\\/big-ogrod.pl\\\/wp-content\\\/uploads\\\/2025\\\/10\\\/Logo_Org_Scaled.png\",\"width\":250,\"height\":68,\"caption\":\"BIG Ogr\u00f3d\"},\"image\":{\"@id\":\"https:\\\/\\\/big-ogrod.pl\\\/#\\\/schema\\\/logo\\\/image\\\/\"}}]}<\/script>\n<!-- \/ Yoast SEO plugin. -->","yoast_head_json":{"title":"Niwelator do trawnika du\u017cy 90 cm - BIG Ogr\u00f3d","robots":{"index":"index","follow":"follow","max-snippet":"max-snippet:-1","max-image-preview":"max-image-preview:large","max-video-preview":"max-video-preview:-1"},"canonical":"https:\/\/big-ogrod.pl\/en\/product\/niwelator-do-trawnika-duzy-90-cm\/","og_locale":"en_US","og_type":"article","og_title":"Niwelator do trawnika du\u017cy 90 cm - BIG Ogr\u00f3d","og_description":"narz\u0119dzie przeznaczone do piel\u0119gnacji teren\u00f3w zielonych  d\u0142ugi, sosnowy trzonek lakierowany poprawia ergonomi\u0119 pracy  idealny do r\u00f3wnomiernego przygotowania pod\u0142o\u017ca pod nowy trawnik  przydatny w rozprowadzaniu materia\u0142\u00f3w (np. piasku) na trawniku po aeracji  solidna i stabilna konstrukcja","og_url":"https:\/\/big-ogrod.pl\/en\/product\/niwelator-do-trawnika-duzy-90-cm\/","og_site_name":"BIG Ogr\u00f3d","article_modified_time":"2026-03-30T11:31:24+00:00","og_image":[{"width":1830,"height":2560,"url":"https:\/\/big-ogrod.pl\/wp-content\/uploads\/2025\/10\/NWD-scaled.jpg","type":"image\/jpeg"}],"twitter_card":"summary_large_image","twitter_misc":{"Est. reading time":"1 minute"},"schema":{"@context":"https:\/\/schema.org","@graph":[{"@type":"WebPage","@id":"https:\/\/big-ogrod.pl\/produkt\/niwelator-do-trawnika-duzy-90-cm\/","url":"https:\/\/big-ogrod.pl\/produkt\/niwelator-do-trawnika-duzy-90-cm\/","name":"Niwelator do trawnika du\u017cy 90 cm - BIG Ogr\u00f3d","isPartOf":{"@id":"https:\/\/big-ogrod.pl\/#website"},"primaryImageOfPage":{"@id":"https:\/\/big-ogrod.pl\/produkt\/niwelator-do-trawnika-duzy-90-cm\/#primaryimage"},"image":{"@id":"https:\/\/big-ogrod.pl\/produkt\/niwelator-do-trawnika-duzy-90-cm\/#primaryimage"},"thumbnailUrl":"https:\/\/big-ogrod.pl\/wp-content\/uploads\/2025\/10\/NWD-scaled.jpg","datePublished":"2025-10-20T19:38:23+00:00","dateModified":"2026-03-30T11:31:24+00:00","breadcrumb":{"@id":"https:\/\/big-ogrod.pl\/produkt\/niwelator-do-trawnika-duzy-90-cm\/#breadcrumb"},"inLanguage":"en-US","potentialAction":[{"@type":"ReadAction","target":["https:\/\/big-ogrod.pl\/produkt\/niwelator-do-trawnika-duzy-90-cm\/"]}]},{"@type":"ImageObject","inLanguage":"en-US","@id":"https:\/\/big-ogrod.pl\/produkt\/niwelator-do-trawnika-duzy-90-cm\/#primaryimage","url":"https:\/\/big-ogrod.pl\/wp-content\/uploads\/2025\/10\/NWD-scaled.jpg","contentUrl":"https:\/\/big-ogrod.pl\/wp-content\/uploads\/2025\/10\/NWD-scaled.jpg","width":1830,"height":2560},{"@type":"BreadcrumbList","@id":"https:\/\/big-ogrod.pl\/produkt\/niwelator-do-trawnika-duzy-90-cm\/#breadcrumb","itemListElement":[{"@type":"ListItem","position":1,"name":"Strona g\u0142\u00f3wna","item":"https:\/\/big-ogrod.pl\/"},{"@type":"ListItem","position":2,"name":"Produkty","item":"https:\/\/big-ogrod.pl\/sklep\/"},{"@type":"ListItem","position":3,"name":"Niwelator do trawnika du\u017cy 90 cm"}]},{"@type":"WebSite","@id":"https:\/\/big-ogrod.pl\/#website","url":"https:\/\/big-ogrod.pl\/","name":"BIG Ogr\u00f3d","description":"","publisher":{"@id":"https:\/\/big-ogrod.pl\/#organization"},"potentialAction":[{"@type":"SearchAction","target":{"@type":"EntryPoint","urlTemplate":"https:\/\/big-ogrod.pl\/?s={search_term_string}"},"query-input":{"@type":"PropertyValueSpecification","valueRequired":true,"valueName":"search_term_string"}}],"inLanguage":"en-US"},{"@type":"Organization","@id":"https:\/\/big-ogrod.pl\/#organization","name":"BIG Ogr\u00f3d","url":"https:\/\/big-ogrod.pl\/","logo":{"@type":"ImageObject","inLanguage":"en-US","@id":"https:\/\/big-ogrod.pl\/#\/schema\/logo\/image\/","url":"https:\/\/big-ogrod.pl\/wp-content\/uploads\/2025\/10\/Logo_Org_Scaled.png","contentUrl":"https:\/\/big-ogrod.pl\/wp-content\/uploads\/2025\/10\/Logo_Org_Scaled.png","width":250,"height":68,"caption":"BIG Ogr\u00f3d"},"image":{"@id":"https:\/\/big-ogrod.pl\/#\/schema\/logo\/image\/"}}]}},"_links":{"self":[{"href":"https:\/\/big-ogrod.pl\/en\/wp-json\/wp\/v2\/product\/2663","targetHints":{"allow":["GET"]}}],"collection":[{"href":"https:\/\/big-ogrod.pl\/en\/wp-json\/wp\/v2\/product"}],"about":[{"href":"https:\/\/big-ogrod.pl\/en\/wp-json\/wp\/v2\/types\/product"}],"version-history":[{"count":1,"href":"https:\/\/big-ogrod.pl\/en\/wp-json\/wp\/v2\/product\/2663\/revisions"}],"predecessor-version":[{"id":4185,"href":"https:\/\/big-ogrod.pl\/en\/wp-json\/wp\/v2\/product\/2663\/revisions\/4185"}],"wp:featuredmedia":[{"embeddable":true,"href":"https:\/\/big-ogrod.pl\/en\/wp-json\/wp\/v2\/media\/4665"}],"wp:attachment":[{"href":"https:\/\/big-ogrod.pl\/en\/wp-json\/wp\/v2\/media?parent=2663"}],"wp:term":[{"taxonomy":"product_brand","embeddable":true,"href":"https:\/\/big-ogrod.pl\/en\/wp-json\/wp\/v2\/product_brand?post=2663"},{"taxonomy":"product_cat","embeddable":true,"href":"https:\/\/big-ogrod.pl\/en\/wp-json\/wp\/v2\/product_cat?post=2663"},{"taxonomy":"product_tag","embeddable":true,"href":"https:\/\/big-ogrod.pl\/en\/wp-json\/wp\/v2\/product_tag?post=2663"}],"curies":[{"name":"wp","href":"https:\/\/api.w.org\/{rel}","templated":true}]}}