{"id":2652,"date":"2025-10-20T21:38:20","date_gmt":"2025-10-20T19:38:20","guid":{"rendered":"https:\/\/big-ogrod.pl\/?post_type=product&#038;p=2652"},"modified":"2026-01-28T14:40:17","modified_gmt":"2026-01-28T13:40:17","slug":"metalowa-furtka-ogrodowa-lisc","status":"publish","type":"product","link":"https:\/\/big-ogrod.pl\/en\/product\/metalowa-furtka-ogrodowa-lisc\/","title":{"rendered":"Metal garden gate leaf"},"content":{"rendered":"","protected":false},"excerpt":{"rendered":"<ul>\n<li>made entirely of metal wire<\/li>\n<li>powder coating makes it resistant to weather conditions<\/li>\n<li>It is perfect for marking flower beds, but can also be used as an element of a garden fence, playground or to designate zones for various purposes.<\/li>\n<\/ul>","protected":false},"featured_media":2102,"template":"","meta":[],"product_brand":[],"product_cat":[2354,641,2372,2353,23,2364],"product_tag":[],"class_list":{"0":"post-2652","1":"product","2":"type-product","3":"status-publish","4":"has-post-thumbnail","6":"product_cat-podpory-do-roslin-metalowe","7":"product_cat-nowosci-2","8":"product_cat-podpory-do-roslin-produkty","9":"product_cat-podpory-do-roslin","10":"product_cat-produkty","11":"product_cat-produkty-mm","13":"first","14":"instock","15":"shipping-taxable","16":"product-type-simple"},"yoast_head":"<!-- This site is optimized with the Yoast SEO plugin v27.4 - https:\/\/yoast.com\/product\/yoast-seo-wordpress\/ -->\n<title>Metalowa furtka ogrodowa li\u015b\u0107 - BIG Ogr\u00f3d<\/title>\n<meta name=\"robots\" content=\"index, follow, max-snippet:-1, max-image-preview:large, max-video-preview:-1\" \/>\n<link rel=\"canonical\" href=\"https:\/\/big-ogrod.pl\/en\/product\/metalowa-furtka-ogrodowa-lisc\/\" \/>\n<meta property=\"og:locale\" content=\"en_US\" \/>\n<meta property=\"og:type\" content=\"article\" \/>\n<meta property=\"og:title\" content=\"Metalowa furtka ogrodowa li\u015b\u0107 - BIG Ogr\u00f3d\" \/>\n<meta property=\"og:description\" content=\"wykonana w ca\u0142o\u015bci z drutu metalowego  malowanie proszkowe sprawia, \u017ce jest odporny na warunki atmosferyczne  doskonale nadaje si\u0119 do wyznaczania grz\u0105dek kwiatowych, ale te\u017c mo\u017ce s\u0142u\u017cy\u0107\u00a0 jako element ogrodzenia ogr\u00f3dka, placu zabaw lub wyznaczenia stref o r\u00f3\u017cnym przeznaczeniu\" \/>\n<meta property=\"og:url\" content=\"https:\/\/big-ogrod.pl\/en\/product\/metalowa-furtka-ogrodowa-lisc\/\" \/>\n<meta property=\"og:site_name\" content=\"BIG Ogr\u00f3d\" \/>\n<meta property=\"article:modified_time\" content=\"2026-01-28T13:40:17+00:00\" \/>\n<meta property=\"og:image\" content=\"https:\/\/big-ogrod.pl\/wp-content\/uploads\/2025\/10\/MFL-scaled-1.jpg\" \/>\n\t<meta property=\"og:image:width\" content=\"2560\" \/>\n\t<meta property=\"og:image:height\" content=\"1902\" \/>\n\t<meta property=\"og:image:type\" content=\"image\/jpeg\" \/>\n<meta name=\"twitter:card\" content=\"summary_large_image\" \/>\n<meta name=\"twitter:label1\" content=\"Est. reading time\" \/>\n\t<meta name=\"twitter:data1\" content=\"1 minute\" \/>\n<script type=\"application\/ld+json\" class=\"yoast-schema-graph\">{\"@context\":\"https:\\\/\\\/schema.org\",\"@graph\":[{\"@type\":\"WebPage\",\"@id\":\"https:\\\/\\\/big-ogrod.pl\\\/produkt\\\/metalowa-furtka-ogrodowa-lisc\\\/\",\"url\":\"https:\\\/\\\/big-ogrod.pl\\\/produkt\\\/metalowa-furtka-ogrodowa-lisc\\\/\",\"name\":\"Metalowa furtka ogrodowa li\u015b\u0107 - BIG Ogr\u00f3d\",\"isPartOf\":{\"@id\":\"https:\\\/\\\/big-ogrod.pl\\\/#website\"},\"primaryImageOfPage\":{\"@id\":\"https:\\\/\\\/big-ogrod.pl\\\/produkt\\\/metalowa-furtka-ogrodowa-lisc\\\/#primaryimage\"},\"image\":{\"@id\":\"https:\\\/\\\/big-ogrod.pl\\\/produkt\\\/metalowa-furtka-ogrodowa-lisc\\\/#primaryimage\"},\"thumbnailUrl\":\"https:\\\/\\\/big-ogrod.pl\\\/wp-content\\\/uploads\\\/2025\\\/10\\\/MFL-scaled-1.jpg\",\"datePublished\":\"2025-10-20T19:38:20+00:00\",\"dateModified\":\"2026-01-28T13:40:17+00:00\",\"breadcrumb\":{\"@id\":\"https:\\\/\\\/big-ogrod.pl\\\/produkt\\\/metalowa-furtka-ogrodowa-lisc\\\/#breadcrumb\"},\"inLanguage\":\"en-US\",\"potentialAction\":[{\"@type\":\"ReadAction\",\"target\":[\"https:\\\/\\\/big-ogrod.pl\\\/produkt\\\/metalowa-furtka-ogrodowa-lisc\\\/\"]}]},{\"@type\":\"ImageObject\",\"inLanguage\":\"en-US\",\"@id\":\"https:\\\/\\\/big-ogrod.pl\\\/produkt\\\/metalowa-furtka-ogrodowa-lisc\\\/#primaryimage\",\"url\":\"https:\\\/\\\/big-ogrod.pl\\\/wp-content\\\/uploads\\\/2025\\\/10\\\/MFL-scaled-1.jpg\",\"contentUrl\":\"https:\\\/\\\/big-ogrod.pl\\\/wp-content\\\/uploads\\\/2025\\\/10\\\/MFL-scaled-1.jpg\",\"width\":2560,\"height\":1902},{\"@type\":\"BreadcrumbList\",\"@id\":\"https:\\\/\\\/big-ogrod.pl\\\/produkt\\\/metalowa-furtka-ogrodowa-lisc\\\/#breadcrumb\",\"itemListElement\":[{\"@type\":\"ListItem\",\"position\":1,\"name\":\"Strona g\u0142\u00f3wna\",\"item\":\"https:\\\/\\\/big-ogrod.pl\\\/\"},{\"@type\":\"ListItem\",\"position\":2,\"name\":\"Produkty\",\"item\":\"https:\\\/\\\/big-ogrod.pl\\\/sklep\\\/\"},{\"@type\":\"ListItem\",\"position\":3,\"name\":\"Metalowa furtka ogrodowa li\u015b\u0107\"}]},{\"@type\":\"WebSite\",\"@id\":\"https:\\\/\\\/big-ogrod.pl\\\/#website\",\"url\":\"https:\\\/\\\/big-ogrod.pl\\\/\",\"name\":\"BIG Ogr\u00f3d\",\"description\":\"\",\"publisher\":{\"@id\":\"https:\\\/\\\/big-ogrod.pl\\\/#organization\"},\"potentialAction\":[{\"@type\":\"SearchAction\",\"target\":{\"@type\":\"EntryPoint\",\"urlTemplate\":\"https:\\\/\\\/big-ogrod.pl\\\/?s={search_term_string}\"},\"query-input\":{\"@type\":\"PropertyValueSpecification\",\"valueRequired\":true,\"valueName\":\"search_term_string\"}}],\"inLanguage\":\"en-US\"},{\"@type\":\"Organization\",\"@id\":\"https:\\\/\\\/big-ogrod.pl\\\/#organization\",\"name\":\"BIG Ogr\u00f3d\",\"url\":\"https:\\\/\\\/big-ogrod.pl\\\/\",\"logo\":{\"@type\":\"ImageObject\",\"inLanguage\":\"en-US\",\"@id\":\"https:\\\/\\\/big-ogrod.pl\\\/#\\\/schema\\\/logo\\\/image\\\/\",\"url\":\"https:\\\/\\\/big-ogrod.pl\\\/wp-content\\\/uploads\\\/2025\\\/10\\\/Logo_Org_Scaled.png\",\"contentUrl\":\"https:\\\/\\\/big-ogrod.pl\\\/wp-content\\\/uploads\\\/2025\\\/10\\\/Logo_Org_Scaled.png\",\"width\":250,\"height\":68,\"caption\":\"BIG Ogr\u00f3d\"},\"image\":{\"@id\":\"https:\\\/\\\/big-ogrod.pl\\\/#\\\/schema\\\/logo\\\/image\\\/\"}}]}<\/script>\n<!-- \/ Yoast SEO plugin. -->","yoast_head_json":{"title":"Metalowa furtka ogrodowa li\u015b\u0107 - BIG Ogr\u00f3d","robots":{"index":"index","follow":"follow","max-snippet":"max-snippet:-1","max-image-preview":"max-image-preview:large","max-video-preview":"max-video-preview:-1"},"canonical":"https:\/\/big-ogrod.pl\/en\/product\/metalowa-furtka-ogrodowa-lisc\/","og_locale":"en_US","og_type":"article","og_title":"Metalowa furtka ogrodowa li\u015b\u0107 - BIG Ogr\u00f3d","og_description":"wykonana w ca\u0142o\u015bci z drutu metalowego  malowanie proszkowe sprawia, \u017ce jest odporny na warunki atmosferyczne  doskonale nadaje si\u0119 do wyznaczania grz\u0105dek kwiatowych, ale te\u017c mo\u017ce s\u0142u\u017cy\u0107\u00a0 jako element ogrodzenia ogr\u00f3dka, placu zabaw lub wyznaczenia stref o r\u00f3\u017cnym przeznaczeniu","og_url":"https:\/\/big-ogrod.pl\/en\/product\/metalowa-furtka-ogrodowa-lisc\/","og_site_name":"BIG Ogr\u00f3d","article_modified_time":"2026-01-28T13:40:17+00:00","og_image":[{"width":2560,"height":1902,"url":"https:\/\/big-ogrod.pl\/wp-content\/uploads\/2025\/10\/MFL-scaled-1.jpg","type":"image\/jpeg"}],"twitter_card":"summary_large_image","twitter_misc":{"Est. reading time":"1 minute"},"schema":{"@context":"https:\/\/schema.org","@graph":[{"@type":"WebPage","@id":"https:\/\/big-ogrod.pl\/produkt\/metalowa-furtka-ogrodowa-lisc\/","url":"https:\/\/big-ogrod.pl\/produkt\/metalowa-furtka-ogrodowa-lisc\/","name":"Metalowa furtka ogrodowa li\u015b\u0107 - BIG Ogr\u00f3d","isPartOf":{"@id":"https:\/\/big-ogrod.pl\/#website"},"primaryImageOfPage":{"@id":"https:\/\/big-ogrod.pl\/produkt\/metalowa-furtka-ogrodowa-lisc\/#primaryimage"},"image":{"@id":"https:\/\/big-ogrod.pl\/produkt\/metalowa-furtka-ogrodowa-lisc\/#primaryimage"},"thumbnailUrl":"https:\/\/big-ogrod.pl\/wp-content\/uploads\/2025\/10\/MFL-scaled-1.jpg","datePublished":"2025-10-20T19:38:20+00:00","dateModified":"2026-01-28T13:40:17+00:00","breadcrumb":{"@id":"https:\/\/big-ogrod.pl\/produkt\/metalowa-furtka-ogrodowa-lisc\/#breadcrumb"},"inLanguage":"en-US","potentialAction":[{"@type":"ReadAction","target":["https:\/\/big-ogrod.pl\/produkt\/metalowa-furtka-ogrodowa-lisc\/"]}]},{"@type":"ImageObject","inLanguage":"en-US","@id":"https:\/\/big-ogrod.pl\/produkt\/metalowa-furtka-ogrodowa-lisc\/#primaryimage","url":"https:\/\/big-ogrod.pl\/wp-content\/uploads\/2025\/10\/MFL-scaled-1.jpg","contentUrl":"https:\/\/big-ogrod.pl\/wp-content\/uploads\/2025\/10\/MFL-scaled-1.jpg","width":2560,"height":1902},{"@type":"BreadcrumbList","@id":"https:\/\/big-ogrod.pl\/produkt\/metalowa-furtka-ogrodowa-lisc\/#breadcrumb","itemListElement":[{"@type":"ListItem","position":1,"name":"Strona g\u0142\u00f3wna","item":"https:\/\/big-ogrod.pl\/"},{"@type":"ListItem","position":2,"name":"Produkty","item":"https:\/\/big-ogrod.pl\/sklep\/"},{"@type":"ListItem","position":3,"name":"Metalowa furtka ogrodowa li\u015b\u0107"}]},{"@type":"WebSite","@id":"https:\/\/big-ogrod.pl\/#website","url":"https:\/\/big-ogrod.pl\/","name":"BIG Ogr\u00f3d","description":"","publisher":{"@id":"https:\/\/big-ogrod.pl\/#organization"},"potentialAction":[{"@type":"SearchAction","target":{"@type":"EntryPoint","urlTemplate":"https:\/\/big-ogrod.pl\/?s={search_term_string}"},"query-input":{"@type":"PropertyValueSpecification","valueRequired":true,"valueName":"search_term_string"}}],"inLanguage":"en-US"},{"@type":"Organization","@id":"https:\/\/big-ogrod.pl\/#organization","name":"BIG Ogr\u00f3d","url":"https:\/\/big-ogrod.pl\/","logo":{"@type":"ImageObject","inLanguage":"en-US","@id":"https:\/\/big-ogrod.pl\/#\/schema\/logo\/image\/","url":"https:\/\/big-ogrod.pl\/wp-content\/uploads\/2025\/10\/Logo_Org_Scaled.png","contentUrl":"https:\/\/big-ogrod.pl\/wp-content\/uploads\/2025\/10\/Logo_Org_Scaled.png","width":250,"height":68,"caption":"BIG Ogr\u00f3d"},"image":{"@id":"https:\/\/big-ogrod.pl\/#\/schema\/logo\/image\/"}}]}},"_links":{"self":[{"href":"https:\/\/big-ogrod.pl\/en\/wp-json\/wp\/v2\/product\/2652","targetHints":{"allow":["GET"]}}],"collection":[{"href":"https:\/\/big-ogrod.pl\/en\/wp-json\/wp\/v2\/product"}],"about":[{"href":"https:\/\/big-ogrod.pl\/en\/wp-json\/wp\/v2\/types\/product"}],"version-history":[{"count":1,"href":"https:\/\/big-ogrod.pl\/en\/wp-json\/wp\/v2\/product\/2652\/revisions"}],"predecessor-version":[{"id":4529,"href":"https:\/\/big-ogrod.pl\/en\/wp-json\/wp\/v2\/product\/2652\/revisions\/4529"}],"wp:featuredmedia":[{"embeddable":true,"href":"https:\/\/big-ogrod.pl\/en\/wp-json\/wp\/v2\/media\/2102"}],"wp:attachment":[{"href":"https:\/\/big-ogrod.pl\/en\/wp-json\/wp\/v2\/media?parent=2652"}],"wp:term":[{"taxonomy":"product_brand","embeddable":true,"href":"https:\/\/big-ogrod.pl\/en\/wp-json\/wp\/v2\/product_brand?post=2652"},{"taxonomy":"product_cat","embeddable":true,"href":"https:\/\/big-ogrod.pl\/en\/wp-json\/wp\/v2\/product_cat?post=2652"},{"taxonomy":"product_tag","embeddable":true,"href":"https:\/\/big-ogrod.pl\/en\/wp-json\/wp\/v2\/product_tag?post=2652"}],"curies":[{"name":"wp","href":"https:\/\/api.w.org\/{rel}","templated":true}]}}