{"id":2629,"date":"2025-10-20T21:37:56","date_gmt":"2025-10-20T19:37:56","guid":{"rendered":"https:\/\/big-ogrod.pl\/?post_type=product&#038;p=2629"},"modified":"2026-01-27T14:23:29","modified_gmt":"2026-01-27T13:23:29","slug":"ulicowka-30-cm-glowica","status":"publish","type":"product","link":"https:\/\/big-ogrod.pl\/en\/product\/ulicowka-30-cm-glowica\/","title":{"rendered":"Street broom 30 cm - head"},"content":{"rendered":"","protected":false},"excerpt":{"rendered":"<ul>\n<li><small>the brush frame is made of wood, which makes it handy and durable<\/small><\/li>\n<li><small>stiff, nylon bristles are used to thoroughly remove all dirt from the floor<\/small><\/li>\n<li><small>a plastic reinforced handle ensures stable operation<\/small><\/li>\n<li><small>used for all external cleaning works<\/small><\/li>\n<\/ul>","protected":false},"featured_media":2072,"template":"","meta":[],"product_brand":[],"product_cat":[2367,640,2364,2348,94],"product_tag":[],"class_list":{"0":"post-2629","1":"product","2":"type-product","3":"status-publish","4":"has-post-thumbnail","6":"product_cat-glowice-new","7":"product_cat-nowosci","8":"product_cat-produkty-mm","9":"product_cat-szczotki","10":"product_cat-szczotki-szufelki","12":"first","13":"instock","14":"shipping-taxable","15":"product-type-simple"},"yoast_head":"<!-- This site is optimized with the Yoast SEO plugin v27.4 - https:\/\/yoast.com\/product\/yoast-seo-wordpress\/ -->\n<title>Ulic\u00f3wka 30 cm-G\u0142owica - BIG Ogr\u00f3d<\/title>\n<meta name=\"robots\" content=\"index, follow, max-snippet:-1, max-image-preview:large, max-video-preview:-1\" \/>\n<link rel=\"canonical\" href=\"https:\/\/big-ogrod.pl\/en\/product\/ulicowka-30-cm-glowica\/\" \/>\n<meta property=\"og:locale\" content=\"en_US\" \/>\n<meta property=\"og:type\" content=\"article\" \/>\n<meta property=\"og:title\" content=\"Ulic\u00f3wka 30 cm-G\u0142owica - BIG Ogr\u00f3d\" \/>\n<meta property=\"og:description\" content=\"oprawa szczotki zosta\u0142a wykonana z drewna, dzi\u0119ki temu jest por\u0119czna i odporna  zastosowano sztywne, nylonowe w\u0142osie, kt\u00f3re zgarnia dok\u0142adnie wszystkie zabrudzenia z posadzki  plastikowy wzmocniony uchwyt na trzonek zapewnia stabilno\u015b\u0107 pracy  stosowana do wszelkich zewn\u0119trznych prac porz\u0105dkowych\" \/>\n<meta property=\"og:url\" content=\"https:\/\/big-ogrod.pl\/en\/product\/ulicowka-30-cm-glowica\/\" \/>\n<meta property=\"og:site_name\" content=\"BIG Ogr\u00f3d\" \/>\n<meta property=\"article:modified_time\" content=\"2026-01-27T13:23:29+00:00\" \/>\n<meta property=\"og:image\" content=\"https:\/\/big-ogrod.pl\/wp-content\/uploads\/2025\/10\/IGO5742-scaled-1.jpg\" \/>\n\t<meta property=\"og:image:width\" content=\"2560\" \/>\n\t<meta property=\"og:image:height\" content=\"1707\" \/>\n\t<meta property=\"og:image:type\" content=\"image\/jpeg\" \/>\n<meta name=\"twitter:card\" content=\"summary_large_image\" \/>\n<meta name=\"twitter:label1\" content=\"Est. reading time\" \/>\n\t<meta name=\"twitter:data1\" content=\"1 minute\" \/>\n<script type=\"application\/ld+json\" class=\"yoast-schema-graph\">{\"@context\":\"https:\\\/\\\/schema.org\",\"@graph\":[{\"@type\":\"WebPage\",\"@id\":\"https:\\\/\\\/big-ogrod.pl\\\/produkt\\\/ulicowka-30-cm-glowica\\\/\",\"url\":\"https:\\\/\\\/big-ogrod.pl\\\/produkt\\\/ulicowka-30-cm-glowica\\\/\",\"name\":\"Ulic\u00f3wka 30 cm-G\u0142owica - BIG Ogr\u00f3d\",\"isPartOf\":{\"@id\":\"https:\\\/\\\/big-ogrod.pl\\\/#website\"},\"primaryImageOfPage\":{\"@id\":\"https:\\\/\\\/big-ogrod.pl\\\/produkt\\\/ulicowka-30-cm-glowica\\\/#primaryimage\"},\"image\":{\"@id\":\"https:\\\/\\\/big-ogrod.pl\\\/produkt\\\/ulicowka-30-cm-glowica\\\/#primaryimage\"},\"thumbnailUrl\":\"https:\\\/\\\/big-ogrod.pl\\\/wp-content\\\/uploads\\\/2025\\\/10\\\/IGO5742-scaled-1.jpg\",\"datePublished\":\"2025-10-20T19:37:56+00:00\",\"dateModified\":\"2026-01-27T13:23:29+00:00\",\"breadcrumb\":{\"@id\":\"https:\\\/\\\/big-ogrod.pl\\\/produkt\\\/ulicowka-30-cm-glowica\\\/#breadcrumb\"},\"inLanguage\":\"en-US\",\"potentialAction\":[{\"@type\":\"ReadAction\",\"target\":[\"https:\\\/\\\/big-ogrod.pl\\\/produkt\\\/ulicowka-30-cm-glowica\\\/\"]}]},{\"@type\":\"ImageObject\",\"inLanguage\":\"en-US\",\"@id\":\"https:\\\/\\\/big-ogrod.pl\\\/produkt\\\/ulicowka-30-cm-glowica\\\/#primaryimage\",\"url\":\"https:\\\/\\\/big-ogrod.pl\\\/wp-content\\\/uploads\\\/2025\\\/10\\\/IGO5742-scaled-1.jpg\",\"contentUrl\":\"https:\\\/\\\/big-ogrod.pl\\\/wp-content\\\/uploads\\\/2025\\\/10\\\/IGO5742-scaled-1.jpg\",\"width\":2560,\"height\":1707},{\"@type\":\"BreadcrumbList\",\"@id\":\"https:\\\/\\\/big-ogrod.pl\\\/produkt\\\/ulicowka-30-cm-glowica\\\/#breadcrumb\",\"itemListElement\":[{\"@type\":\"ListItem\",\"position\":1,\"name\":\"Strona g\u0142\u00f3wna\",\"item\":\"https:\\\/\\\/big-ogrod.pl\\\/\"},{\"@type\":\"ListItem\",\"position\":2,\"name\":\"Produkty\",\"item\":\"https:\\\/\\\/big-ogrod.pl\\\/sklep\\\/\"},{\"@type\":\"ListItem\",\"position\":3,\"name\":\"Ulic\u00f3wka 30 cm-G\u0142owica\"}]},{\"@type\":\"WebSite\",\"@id\":\"https:\\\/\\\/big-ogrod.pl\\\/#website\",\"url\":\"https:\\\/\\\/big-ogrod.pl\\\/\",\"name\":\"BIG Ogr\u00f3d\",\"description\":\"\",\"publisher\":{\"@id\":\"https:\\\/\\\/big-ogrod.pl\\\/#organization\"},\"potentialAction\":[{\"@type\":\"SearchAction\",\"target\":{\"@type\":\"EntryPoint\",\"urlTemplate\":\"https:\\\/\\\/big-ogrod.pl\\\/?s={search_term_string}\"},\"query-input\":{\"@type\":\"PropertyValueSpecification\",\"valueRequired\":true,\"valueName\":\"search_term_string\"}}],\"inLanguage\":\"en-US\"},{\"@type\":\"Organization\",\"@id\":\"https:\\\/\\\/big-ogrod.pl\\\/#organization\",\"name\":\"BIG Ogr\u00f3d\",\"url\":\"https:\\\/\\\/big-ogrod.pl\\\/\",\"logo\":{\"@type\":\"ImageObject\",\"inLanguage\":\"en-US\",\"@id\":\"https:\\\/\\\/big-ogrod.pl\\\/#\\\/schema\\\/logo\\\/image\\\/\",\"url\":\"https:\\\/\\\/big-ogrod.pl\\\/wp-content\\\/uploads\\\/2025\\\/10\\\/Logo_Org_Scaled.png\",\"contentUrl\":\"https:\\\/\\\/big-ogrod.pl\\\/wp-content\\\/uploads\\\/2025\\\/10\\\/Logo_Org_Scaled.png\",\"width\":250,\"height\":68,\"caption\":\"BIG Ogr\u00f3d\"},\"image\":{\"@id\":\"https:\\\/\\\/big-ogrod.pl\\\/#\\\/schema\\\/logo\\\/image\\\/\"}}]}<\/script>\n<!-- \/ Yoast SEO plugin. -->","yoast_head_json":{"title":"Ulic\u00f3wka 30 cm-G\u0142owica - BIG Ogr\u00f3d","robots":{"index":"index","follow":"follow","max-snippet":"max-snippet:-1","max-image-preview":"max-image-preview:large","max-video-preview":"max-video-preview:-1"},"canonical":"https:\/\/big-ogrod.pl\/en\/product\/ulicowka-30-cm-glowica\/","og_locale":"en_US","og_type":"article","og_title":"Ulic\u00f3wka 30 cm-G\u0142owica - BIG Ogr\u00f3d","og_description":"oprawa szczotki zosta\u0142a wykonana z drewna, dzi\u0119ki temu jest por\u0119czna i odporna  zastosowano sztywne, nylonowe w\u0142osie, kt\u00f3re zgarnia dok\u0142adnie wszystkie zabrudzenia z posadzki  plastikowy wzmocniony uchwyt na trzonek zapewnia stabilno\u015b\u0107 pracy  stosowana do wszelkich zewn\u0119trznych prac porz\u0105dkowych","og_url":"https:\/\/big-ogrod.pl\/en\/product\/ulicowka-30-cm-glowica\/","og_site_name":"BIG Ogr\u00f3d","article_modified_time":"2026-01-27T13:23:29+00:00","og_image":[{"width":2560,"height":1707,"url":"https:\/\/big-ogrod.pl\/wp-content\/uploads\/2025\/10\/IGO5742-scaled-1.jpg","type":"image\/jpeg"}],"twitter_card":"summary_large_image","twitter_misc":{"Est. reading time":"1 minute"},"schema":{"@context":"https:\/\/schema.org","@graph":[{"@type":"WebPage","@id":"https:\/\/big-ogrod.pl\/produkt\/ulicowka-30-cm-glowica\/","url":"https:\/\/big-ogrod.pl\/produkt\/ulicowka-30-cm-glowica\/","name":"Ulic\u00f3wka 30 cm-G\u0142owica - BIG Ogr\u00f3d","isPartOf":{"@id":"https:\/\/big-ogrod.pl\/#website"},"primaryImageOfPage":{"@id":"https:\/\/big-ogrod.pl\/produkt\/ulicowka-30-cm-glowica\/#primaryimage"},"image":{"@id":"https:\/\/big-ogrod.pl\/produkt\/ulicowka-30-cm-glowica\/#primaryimage"},"thumbnailUrl":"https:\/\/big-ogrod.pl\/wp-content\/uploads\/2025\/10\/IGO5742-scaled-1.jpg","datePublished":"2025-10-20T19:37:56+00:00","dateModified":"2026-01-27T13:23:29+00:00","breadcrumb":{"@id":"https:\/\/big-ogrod.pl\/produkt\/ulicowka-30-cm-glowica\/#breadcrumb"},"inLanguage":"en-US","potentialAction":[{"@type":"ReadAction","target":["https:\/\/big-ogrod.pl\/produkt\/ulicowka-30-cm-glowica\/"]}]},{"@type":"ImageObject","inLanguage":"en-US","@id":"https:\/\/big-ogrod.pl\/produkt\/ulicowka-30-cm-glowica\/#primaryimage","url":"https:\/\/big-ogrod.pl\/wp-content\/uploads\/2025\/10\/IGO5742-scaled-1.jpg","contentUrl":"https:\/\/big-ogrod.pl\/wp-content\/uploads\/2025\/10\/IGO5742-scaled-1.jpg","width":2560,"height":1707},{"@type":"BreadcrumbList","@id":"https:\/\/big-ogrod.pl\/produkt\/ulicowka-30-cm-glowica\/#breadcrumb","itemListElement":[{"@type":"ListItem","position":1,"name":"Strona g\u0142\u00f3wna","item":"https:\/\/big-ogrod.pl\/"},{"@type":"ListItem","position":2,"name":"Produkty","item":"https:\/\/big-ogrod.pl\/sklep\/"},{"@type":"ListItem","position":3,"name":"Ulic\u00f3wka 30 cm-G\u0142owica"}]},{"@type":"WebSite","@id":"https:\/\/big-ogrod.pl\/#website","url":"https:\/\/big-ogrod.pl\/","name":"BIG Ogr\u00f3d","description":"","publisher":{"@id":"https:\/\/big-ogrod.pl\/#organization"},"potentialAction":[{"@type":"SearchAction","target":{"@type":"EntryPoint","urlTemplate":"https:\/\/big-ogrod.pl\/?s={search_term_string}"},"query-input":{"@type":"PropertyValueSpecification","valueRequired":true,"valueName":"search_term_string"}}],"inLanguage":"en-US"},{"@type":"Organization","@id":"https:\/\/big-ogrod.pl\/#organization","name":"BIG Ogr\u00f3d","url":"https:\/\/big-ogrod.pl\/","logo":{"@type":"ImageObject","inLanguage":"en-US","@id":"https:\/\/big-ogrod.pl\/#\/schema\/logo\/image\/","url":"https:\/\/big-ogrod.pl\/wp-content\/uploads\/2025\/10\/Logo_Org_Scaled.png","contentUrl":"https:\/\/big-ogrod.pl\/wp-content\/uploads\/2025\/10\/Logo_Org_Scaled.png","width":250,"height":68,"caption":"BIG Ogr\u00f3d"},"image":{"@id":"https:\/\/big-ogrod.pl\/#\/schema\/logo\/image\/"}}]}},"_links":{"self":[{"href":"https:\/\/big-ogrod.pl\/en\/wp-json\/wp\/v2\/product\/2629","targetHints":{"allow":["GET"]}}],"collection":[{"href":"https:\/\/big-ogrod.pl\/en\/wp-json\/wp\/v2\/product"}],"about":[{"href":"https:\/\/big-ogrod.pl\/en\/wp-json\/wp\/v2\/types\/product"}],"version-history":[{"count":1,"href":"https:\/\/big-ogrod.pl\/en\/wp-json\/wp\/v2\/product\/2629\/revisions"}],"predecessor-version":[{"id":4314,"href":"https:\/\/big-ogrod.pl\/en\/wp-json\/wp\/v2\/product\/2629\/revisions\/4314"}],"wp:featuredmedia":[{"embeddable":true,"href":"https:\/\/big-ogrod.pl\/en\/wp-json\/wp\/v2\/media\/2072"}],"wp:attachment":[{"href":"https:\/\/big-ogrod.pl\/en\/wp-json\/wp\/v2\/media?parent=2629"}],"wp:term":[{"taxonomy":"product_brand","embeddable":true,"href":"https:\/\/big-ogrod.pl\/en\/wp-json\/wp\/v2\/product_brand?post=2629"},{"taxonomy":"product_cat","embeddable":true,"href":"https:\/\/big-ogrod.pl\/en\/wp-json\/wp\/v2\/product_cat?post=2629"},{"taxonomy":"product_tag","embeddable":true,"href":"https:\/\/big-ogrod.pl\/en\/wp-json\/wp\/v2\/product_tag?post=2629"}],"curies":[{"name":"wp","href":"https:\/\/api.w.org\/{rel}","templated":true}]}}