{"id":2500,"date":"2025-10-20T21:36:12","date_gmt":"2025-10-20T19:36:12","guid":{"rendered":"https:\/\/big-ogrod.pl\/?post_type=product&#038;p=2500"},"modified":"2026-01-27T13:36:53","modified_gmt":"2026-01-27T12:36:53","slug":"wycior-do-c-o-w60","status":"publish","type":"product","link":"https:\/\/big-ogrod.pl\/en\/product\/wycior-do-c-o-w60\/","title":{"rendered":"Small chimney sweep brush 60mm"},"content":{"rendered":"","protected":false},"excerpt":{"rendered":"<ul>\n<li><small>a wire brush with an external thread at the end that attaches to the rod, allowing you to quickly and efficiently clean hard-to-reach places<\/small><\/li>\n<li><small>the cleaning rod is used for brushing boilers, stoves, and fireplaces<\/small><\/li>\n<\/ul>","protected":false},"featured_media":1753,"template":"","meta":[],"product_brand":[],"product_cat":[647,2347,23,2364],"product_tag":[],"class_list":{"0":"post-2500","1":"product","2":"type-product","3":"status-publish","4":"has-post-thumbnail","6":"product_cat-akcesoria-kominkowe","7":"product_cat-akcesoria-kominkowe-new","8":"product_cat-produkty","9":"product_cat-produkty-mm","11":"first","12":"instock","13":"shipping-taxable","14":"product-type-simple"},"yoast_head":"<!-- This site is optimized with the Yoast SEO plugin v27.5 - https:\/\/yoast.com\/product\/yoast-seo-wordpress\/ -->\n<title>Wycior do C.O. W60 - BIG Ogr\u00f3d<\/title>\n<meta name=\"robots\" content=\"index, follow, max-snippet:-1, max-image-preview:large, max-video-preview:-1\" \/>\n<link rel=\"canonical\" href=\"https:\/\/big-ogrod.pl\/en\/product\/wycior-do-c-o-w60\/\" \/>\n<meta property=\"og:locale\" content=\"en_US\" \/>\n<meta property=\"og:type\" content=\"article\" \/>\n<meta property=\"og:title\" content=\"Wycior do C.O. W60 - BIG Ogr\u00f3d\" \/>\n<meta property=\"og:description\" content=\"druciana szczotka zako\u0144czona zewn\u0119trznym\u00a0 gwintem, kt\u00f3ry mocuje si\u0119 do pr\u0119ta, dzi\u0119ki czemu mo\u017cna szybko i sprawnie wyczy\u015bci\u0107 trudno dost\u0119pne miejsca  wycior stosuje si\u0119 do szczotkowania kot\u0142\u00f3w, piecyk\u00f3w, komink\u00f3w\" \/>\n<meta property=\"og:url\" content=\"https:\/\/big-ogrod.pl\/en\/product\/wycior-do-c-o-w60\/\" \/>\n<meta property=\"og:site_name\" content=\"BIG Ogr\u00f3d\" \/>\n<meta property=\"article:modified_time\" content=\"2026-01-27T12:36:53+00:00\" \/>\n<meta property=\"og:image\" content=\"https:\/\/big-ogrod.pl\/wp-content\/uploads\/2025\/10\/IGO4202.jpg\" \/>\n\t<meta property=\"og:image:width\" content=\"2000\" \/>\n\t<meta property=\"og:image:height\" content=\"1333\" \/>\n\t<meta property=\"og:image:type\" content=\"image\/jpeg\" \/>\n<meta name=\"twitter:card\" content=\"summary_large_image\" \/>\n<meta name=\"twitter:label1\" content=\"Est. reading time\" \/>\n\t<meta name=\"twitter:data1\" content=\"1 minute\" \/>\n<script type=\"application\/ld+json\" class=\"yoast-schema-graph\">{\"@context\":\"https:\\\/\\\/schema.org\",\"@graph\":[{\"@type\":\"WebPage\",\"@id\":\"https:\\\/\\\/big-ogrod.pl\\\/produkt\\\/wycior-do-c-o-w60\\\/\",\"url\":\"https:\\\/\\\/big-ogrod.pl\\\/produkt\\\/wycior-do-c-o-w60\\\/\",\"name\":\"Wycior do C.O. W60 - BIG Ogr\u00f3d\",\"isPartOf\":{\"@id\":\"https:\\\/\\\/big-ogrod.pl\\\/#website\"},\"primaryImageOfPage\":{\"@id\":\"https:\\\/\\\/big-ogrod.pl\\\/produkt\\\/wycior-do-c-o-w60\\\/#primaryimage\"},\"image\":{\"@id\":\"https:\\\/\\\/big-ogrod.pl\\\/produkt\\\/wycior-do-c-o-w60\\\/#primaryimage\"},\"thumbnailUrl\":\"https:\\\/\\\/big-ogrod.pl\\\/wp-content\\\/uploads\\\/2025\\\/10\\\/IGO4202.jpg\",\"datePublished\":\"2025-10-20T19:36:12+00:00\",\"dateModified\":\"2026-01-27T12:36:53+00:00\",\"breadcrumb\":{\"@id\":\"https:\\\/\\\/big-ogrod.pl\\\/produkt\\\/wycior-do-c-o-w60\\\/#breadcrumb\"},\"inLanguage\":\"en-US\",\"potentialAction\":[{\"@type\":\"ReadAction\",\"target\":[\"https:\\\/\\\/big-ogrod.pl\\\/produkt\\\/wycior-do-c-o-w60\\\/\"]}]},{\"@type\":\"ImageObject\",\"inLanguage\":\"en-US\",\"@id\":\"https:\\\/\\\/big-ogrod.pl\\\/produkt\\\/wycior-do-c-o-w60\\\/#primaryimage\",\"url\":\"https:\\\/\\\/big-ogrod.pl\\\/wp-content\\\/uploads\\\/2025\\\/10\\\/IGO4202.jpg\",\"contentUrl\":\"https:\\\/\\\/big-ogrod.pl\\\/wp-content\\\/uploads\\\/2025\\\/10\\\/IGO4202.jpg\",\"width\":2000,\"height\":1333},{\"@type\":\"BreadcrumbList\",\"@id\":\"https:\\\/\\\/big-ogrod.pl\\\/produkt\\\/wycior-do-c-o-w60\\\/#breadcrumb\",\"itemListElement\":[{\"@type\":\"ListItem\",\"position\":1,\"name\":\"Strona g\u0142\u00f3wna\",\"item\":\"https:\\\/\\\/big-ogrod.pl\\\/\"},{\"@type\":\"ListItem\",\"position\":2,\"name\":\"Produkty\",\"item\":\"https:\\\/\\\/big-ogrod.pl\\\/sklep\\\/\"},{\"@type\":\"ListItem\",\"position\":3,\"name\":\"Wycior do C.O. W60\"}]},{\"@type\":\"WebSite\",\"@id\":\"https:\\\/\\\/big-ogrod.pl\\\/#website\",\"url\":\"https:\\\/\\\/big-ogrod.pl\\\/\",\"name\":\"BIG Ogr\u00f3d\",\"description\":\"\",\"publisher\":{\"@id\":\"https:\\\/\\\/big-ogrod.pl\\\/#organization\"},\"potentialAction\":[{\"@type\":\"SearchAction\",\"target\":{\"@type\":\"EntryPoint\",\"urlTemplate\":\"https:\\\/\\\/big-ogrod.pl\\\/?s={search_term_string}\"},\"query-input\":{\"@type\":\"PropertyValueSpecification\",\"valueRequired\":true,\"valueName\":\"search_term_string\"}}],\"inLanguage\":\"en-US\"},{\"@type\":\"Organization\",\"@id\":\"https:\\\/\\\/big-ogrod.pl\\\/#organization\",\"name\":\"BIG Ogr\u00f3d\",\"url\":\"https:\\\/\\\/big-ogrod.pl\\\/\",\"logo\":{\"@type\":\"ImageObject\",\"inLanguage\":\"en-US\",\"@id\":\"https:\\\/\\\/big-ogrod.pl\\\/#\\\/schema\\\/logo\\\/image\\\/\",\"url\":\"https:\\\/\\\/big-ogrod.pl\\\/wp-content\\\/uploads\\\/2025\\\/10\\\/Logo_Org_Scaled.png\",\"contentUrl\":\"https:\\\/\\\/big-ogrod.pl\\\/wp-content\\\/uploads\\\/2025\\\/10\\\/Logo_Org_Scaled.png\",\"width\":250,\"height\":68,\"caption\":\"BIG Ogr\u00f3d\"},\"image\":{\"@id\":\"https:\\\/\\\/big-ogrod.pl\\\/#\\\/schema\\\/logo\\\/image\\\/\"}}]}<\/script>\n<!-- \/ Yoast SEO plugin. -->","yoast_head_json":{"title":"Wycior do C.O. W60 - BIG Ogr\u00f3d","robots":{"index":"index","follow":"follow","max-snippet":"max-snippet:-1","max-image-preview":"max-image-preview:large","max-video-preview":"max-video-preview:-1"},"canonical":"https:\/\/big-ogrod.pl\/en\/product\/wycior-do-c-o-w60\/","og_locale":"en_US","og_type":"article","og_title":"Wycior do C.O. W60 - BIG Ogr\u00f3d","og_description":"druciana szczotka zako\u0144czona zewn\u0119trznym\u00a0 gwintem, kt\u00f3ry mocuje si\u0119 do pr\u0119ta, dzi\u0119ki czemu mo\u017cna szybko i sprawnie wyczy\u015bci\u0107 trudno dost\u0119pne miejsca  wycior stosuje si\u0119 do szczotkowania kot\u0142\u00f3w, piecyk\u00f3w, komink\u00f3w","og_url":"https:\/\/big-ogrod.pl\/en\/product\/wycior-do-c-o-w60\/","og_site_name":"BIG Ogr\u00f3d","article_modified_time":"2026-01-27T12:36:53+00:00","og_image":[{"width":2000,"height":1333,"url":"https:\/\/big-ogrod.pl\/wp-content\/uploads\/2025\/10\/IGO4202.jpg","type":"image\/jpeg"}],"twitter_card":"summary_large_image","twitter_misc":{"Est. reading time":"1 minute"},"schema":{"@context":"https:\/\/schema.org","@graph":[{"@type":"WebPage","@id":"https:\/\/big-ogrod.pl\/produkt\/wycior-do-c-o-w60\/","url":"https:\/\/big-ogrod.pl\/produkt\/wycior-do-c-o-w60\/","name":"Wycior do C.O. W60 - BIG Ogr\u00f3d","isPartOf":{"@id":"https:\/\/big-ogrod.pl\/#website"},"primaryImageOfPage":{"@id":"https:\/\/big-ogrod.pl\/produkt\/wycior-do-c-o-w60\/#primaryimage"},"image":{"@id":"https:\/\/big-ogrod.pl\/produkt\/wycior-do-c-o-w60\/#primaryimage"},"thumbnailUrl":"https:\/\/big-ogrod.pl\/wp-content\/uploads\/2025\/10\/IGO4202.jpg","datePublished":"2025-10-20T19:36:12+00:00","dateModified":"2026-01-27T12:36:53+00:00","breadcrumb":{"@id":"https:\/\/big-ogrod.pl\/produkt\/wycior-do-c-o-w60\/#breadcrumb"},"inLanguage":"en-US","potentialAction":[{"@type":"ReadAction","target":["https:\/\/big-ogrod.pl\/produkt\/wycior-do-c-o-w60\/"]}]},{"@type":"ImageObject","inLanguage":"en-US","@id":"https:\/\/big-ogrod.pl\/produkt\/wycior-do-c-o-w60\/#primaryimage","url":"https:\/\/big-ogrod.pl\/wp-content\/uploads\/2025\/10\/IGO4202.jpg","contentUrl":"https:\/\/big-ogrod.pl\/wp-content\/uploads\/2025\/10\/IGO4202.jpg","width":2000,"height":1333},{"@type":"BreadcrumbList","@id":"https:\/\/big-ogrod.pl\/produkt\/wycior-do-c-o-w60\/#breadcrumb","itemListElement":[{"@type":"ListItem","position":1,"name":"Strona g\u0142\u00f3wna","item":"https:\/\/big-ogrod.pl\/"},{"@type":"ListItem","position":2,"name":"Produkty","item":"https:\/\/big-ogrod.pl\/sklep\/"},{"@type":"ListItem","position":3,"name":"Wycior do C.O. W60"}]},{"@type":"WebSite","@id":"https:\/\/big-ogrod.pl\/#website","url":"https:\/\/big-ogrod.pl\/","name":"BIG Ogr\u00f3d","description":"","publisher":{"@id":"https:\/\/big-ogrod.pl\/#organization"},"potentialAction":[{"@type":"SearchAction","target":{"@type":"EntryPoint","urlTemplate":"https:\/\/big-ogrod.pl\/?s={search_term_string}"},"query-input":{"@type":"PropertyValueSpecification","valueRequired":true,"valueName":"search_term_string"}}],"inLanguage":"en-US"},{"@type":"Organization","@id":"https:\/\/big-ogrod.pl\/#organization","name":"BIG Ogr\u00f3d","url":"https:\/\/big-ogrod.pl\/","logo":{"@type":"ImageObject","inLanguage":"en-US","@id":"https:\/\/big-ogrod.pl\/#\/schema\/logo\/image\/","url":"https:\/\/big-ogrod.pl\/wp-content\/uploads\/2025\/10\/Logo_Org_Scaled.png","contentUrl":"https:\/\/big-ogrod.pl\/wp-content\/uploads\/2025\/10\/Logo_Org_Scaled.png","width":250,"height":68,"caption":"BIG Ogr\u00f3d"},"image":{"@id":"https:\/\/big-ogrod.pl\/#\/schema\/logo\/image\/"}}]}},"_links":{"self":[{"href":"https:\/\/big-ogrod.pl\/en\/wp-json\/wp\/v2\/product\/2500","targetHints":{"allow":["GET"]}}],"collection":[{"href":"https:\/\/big-ogrod.pl\/en\/wp-json\/wp\/v2\/product"}],"about":[{"href":"https:\/\/big-ogrod.pl\/en\/wp-json\/wp\/v2\/types\/product"}],"version-history":[{"count":1,"href":"https:\/\/big-ogrod.pl\/en\/wp-json\/wp\/v2\/product\/2500\/revisions"}],"predecessor-version":[{"id":4278,"href":"https:\/\/big-ogrod.pl\/en\/wp-json\/wp\/v2\/product\/2500\/revisions\/4278"}],"wp:featuredmedia":[{"embeddable":true,"href":"https:\/\/big-ogrod.pl\/en\/wp-json\/wp\/v2\/media\/1753"}],"wp:attachment":[{"href":"https:\/\/big-ogrod.pl\/en\/wp-json\/wp\/v2\/media?parent=2500"}],"wp:term":[{"taxonomy":"product_brand","embeddable":true,"href":"https:\/\/big-ogrod.pl\/en\/wp-json\/wp\/v2\/product_brand?post=2500"},{"taxonomy":"product_cat","embeddable":true,"href":"https:\/\/big-ogrod.pl\/en\/wp-json\/wp\/v2\/product_cat?post=2500"},{"taxonomy":"product_tag","embeddable":true,"href":"https:\/\/big-ogrod.pl\/en\/wp-json\/wp\/v2\/product_tag?post=2500"}],"curies":[{"name":"wp","href":"https:\/\/api.w.org\/{rel}","templated":true}]}}