{"id":2275,"date":"2025-10-20T21:33:10","date_gmt":"2025-10-20T19:33:10","guid":{"rendered":"https:\/\/big-ogrod.pl\/?post_type=product&#038;p=2275"},"modified":"2026-02-23T12:51:50","modified_gmt":"2026-02-23T11:51:50","slug":"grabie-z-tasmy-metalowej","status":"publish","type":"product","link":"https:\/\/big-ogrod.pl\/en\/product\/grabie-z-tasmy-metalowej\/","title":{"rendered":"Steel tape rake for leaves large"},"content":{"rendered":"","protected":false},"excerpt":{"rendered":"<ul>\n<li><small>metal head<\/small><\/li>\n<li><small>pine wooden handle, varnished<\/small><\/li>\n<li><small>handy tape rakes can be used in every garden, intended for raking grass and leaves from hard-to-reach places<\/small><\/li>\n<\/ul>","protected":false},"featured_media":4875,"template":"","meta":[],"product_brand":[],"product_cat":[2349,143,23,2364],"product_tag":[],"class_list":{"0":"post-2275","1":"product","2":"type-product","3":"status-publish","4":"has-post-thumbnail","6":"product_cat-male-narzedzia-new","7":"product_cat-male-narzedzia","8":"product_cat-produkty","9":"product_cat-produkty-mm","11":"first","12":"instock","13":"product-type-simple"},"yoast_head":"<!-- This site is optimized with the Yoast SEO plugin v27.4 - https:\/\/yoast.com\/product\/yoast-seo-wordpress\/ -->\n<title>Grabie z ta\u015bmy metalowej - BIG Ogr\u00f3d<\/title>\n<meta name=\"robots\" content=\"index, follow, max-snippet:-1, max-image-preview:large, max-video-preview:-1\" \/>\n<link rel=\"canonical\" href=\"https:\/\/big-ogrod.pl\/en\/product\/grabie-z-tasmy-metalowej\/\" \/>\n<meta property=\"og:locale\" content=\"en_US\" \/>\n<meta property=\"og:type\" content=\"article\" \/>\n<meta property=\"og:title\" content=\"Grabie z ta\u015bmy metalowej - BIG Ogr\u00f3d\" \/>\n<meta property=\"og:description\" content=\"g\u0142owica metalowa  trzonek drewniany, lakierowany  podr\u0119czne grabie z ta\u015bmy\u00a0 znajd\u0105 zastosowanie w ka\u017cdym ogr\u00f3dku, przeznaczone do zgrabiania trawy, li\u015bci z trudno dost\u0119pnych miejsc\" \/>\n<meta property=\"og:url\" content=\"https:\/\/big-ogrod.pl\/en\/product\/grabie-z-tasmy-metalowej\/\" \/>\n<meta property=\"og:site_name\" content=\"BIG Ogr\u00f3d\" \/>\n<meta property=\"article:modified_time\" content=\"2026-02-23T11:51:50+00:00\" \/>\n<meta property=\"og:image\" content=\"https:\/\/big-ogrod.pl\/wp-content\/uploads\/2025\/10\/MN11-1-scaled.jpg\" \/>\n\t<meta property=\"og:image:width\" content=\"2214\" \/>\n\t<meta property=\"og:image:height\" content=\"2560\" \/>\n\t<meta property=\"og:image:type\" content=\"image\/jpeg\" \/>\n<meta name=\"twitter:card\" content=\"summary_large_image\" \/>\n<script type=\"application\/ld+json\" class=\"yoast-schema-graph\">{\"@context\":\"https:\\\/\\\/schema.org\",\"@graph\":[{\"@type\":\"WebPage\",\"@id\":\"https:\\\/\\\/big-ogrod.pl\\\/produkt\\\/grabie-z-tasmy-metalowej\\\/\",\"url\":\"https:\\\/\\\/big-ogrod.pl\\\/produkt\\\/grabie-z-tasmy-metalowej\\\/\",\"name\":\"Grabie z ta\u015bmy metalowej - BIG Ogr\u00f3d\",\"isPartOf\":{\"@id\":\"https:\\\/\\\/big-ogrod.pl\\\/#website\"},\"primaryImageOfPage\":{\"@id\":\"https:\\\/\\\/big-ogrod.pl\\\/produkt\\\/grabie-z-tasmy-metalowej\\\/#primaryimage\"},\"image\":{\"@id\":\"https:\\\/\\\/big-ogrod.pl\\\/produkt\\\/grabie-z-tasmy-metalowej\\\/#primaryimage\"},\"thumbnailUrl\":\"https:\\\/\\\/big-ogrod.pl\\\/wp-content\\\/uploads\\\/2025\\\/10\\\/MN11-1-scaled.jpg\",\"datePublished\":\"2025-10-20T19:33:10+00:00\",\"dateModified\":\"2026-02-23T11:51:50+00:00\",\"breadcrumb\":{\"@id\":\"https:\\\/\\\/big-ogrod.pl\\\/produkt\\\/grabie-z-tasmy-metalowej\\\/#breadcrumb\"},\"inLanguage\":\"en-US\",\"potentialAction\":[{\"@type\":\"ReadAction\",\"target\":[\"https:\\\/\\\/big-ogrod.pl\\\/produkt\\\/grabie-z-tasmy-metalowej\\\/\"]}]},{\"@type\":\"ImageObject\",\"inLanguage\":\"en-US\",\"@id\":\"https:\\\/\\\/big-ogrod.pl\\\/produkt\\\/grabie-z-tasmy-metalowej\\\/#primaryimage\",\"url\":\"https:\\\/\\\/big-ogrod.pl\\\/wp-content\\\/uploads\\\/2025\\\/10\\\/MN11-1-scaled.jpg\",\"contentUrl\":\"https:\\\/\\\/big-ogrod.pl\\\/wp-content\\\/uploads\\\/2025\\\/10\\\/MN11-1-scaled.jpg\",\"width\":2214,\"height\":2560},{\"@type\":\"BreadcrumbList\",\"@id\":\"https:\\\/\\\/big-ogrod.pl\\\/produkt\\\/grabie-z-tasmy-metalowej\\\/#breadcrumb\",\"itemListElement\":[{\"@type\":\"ListItem\",\"position\":1,\"name\":\"Strona g\u0142\u00f3wna\",\"item\":\"https:\\\/\\\/big-ogrod.pl\\\/\"},{\"@type\":\"ListItem\",\"position\":2,\"name\":\"Produkty\",\"item\":\"https:\\\/\\\/big-ogrod.pl\\\/sklep\\\/\"},{\"@type\":\"ListItem\",\"position\":3,\"name\":\"Grabie z ta\u015bmy metalowej\"}]},{\"@type\":\"WebSite\",\"@id\":\"https:\\\/\\\/big-ogrod.pl\\\/#website\",\"url\":\"https:\\\/\\\/big-ogrod.pl\\\/\",\"name\":\"BIG Ogr\u00f3d\",\"description\":\"\",\"publisher\":{\"@id\":\"https:\\\/\\\/big-ogrod.pl\\\/#organization\"},\"potentialAction\":[{\"@type\":\"SearchAction\",\"target\":{\"@type\":\"EntryPoint\",\"urlTemplate\":\"https:\\\/\\\/big-ogrod.pl\\\/?s={search_term_string}\"},\"query-input\":{\"@type\":\"PropertyValueSpecification\",\"valueRequired\":true,\"valueName\":\"search_term_string\"}}],\"inLanguage\":\"en-US\"},{\"@type\":\"Organization\",\"@id\":\"https:\\\/\\\/big-ogrod.pl\\\/#organization\",\"name\":\"BIG Ogr\u00f3d\",\"url\":\"https:\\\/\\\/big-ogrod.pl\\\/\",\"logo\":{\"@type\":\"ImageObject\",\"inLanguage\":\"en-US\",\"@id\":\"https:\\\/\\\/big-ogrod.pl\\\/#\\\/schema\\\/logo\\\/image\\\/\",\"url\":\"https:\\\/\\\/big-ogrod.pl\\\/wp-content\\\/uploads\\\/2025\\\/10\\\/Logo_Org_Scaled.png\",\"contentUrl\":\"https:\\\/\\\/big-ogrod.pl\\\/wp-content\\\/uploads\\\/2025\\\/10\\\/Logo_Org_Scaled.png\",\"width\":250,\"height\":68,\"caption\":\"BIG Ogr\u00f3d\"},\"image\":{\"@id\":\"https:\\\/\\\/big-ogrod.pl\\\/#\\\/schema\\\/logo\\\/image\\\/\"}}]}<\/script>\n<!-- \/ Yoast SEO plugin. -->","yoast_head_json":{"title":"Grabie z ta\u015bmy metalowej - BIG Ogr\u00f3d","robots":{"index":"index","follow":"follow","max-snippet":"max-snippet:-1","max-image-preview":"max-image-preview:large","max-video-preview":"max-video-preview:-1"},"canonical":"https:\/\/big-ogrod.pl\/en\/product\/grabie-z-tasmy-metalowej\/","og_locale":"en_US","og_type":"article","og_title":"Grabie z ta\u015bmy metalowej - BIG Ogr\u00f3d","og_description":"g\u0142owica metalowa  trzonek drewniany, lakierowany  podr\u0119czne grabie z ta\u015bmy\u00a0 znajd\u0105 zastosowanie w ka\u017cdym ogr\u00f3dku, przeznaczone do zgrabiania trawy, li\u015bci z trudno dost\u0119pnych miejsc","og_url":"https:\/\/big-ogrod.pl\/en\/product\/grabie-z-tasmy-metalowej\/","og_site_name":"BIG Ogr\u00f3d","article_modified_time":"2026-02-23T11:51:50+00:00","og_image":[{"width":2214,"height":2560,"url":"https:\/\/big-ogrod.pl\/wp-content\/uploads\/2025\/10\/MN11-1-scaled.jpg","type":"image\/jpeg"}],"twitter_card":"summary_large_image","schema":{"@context":"https:\/\/schema.org","@graph":[{"@type":"WebPage","@id":"https:\/\/big-ogrod.pl\/produkt\/grabie-z-tasmy-metalowej\/","url":"https:\/\/big-ogrod.pl\/produkt\/grabie-z-tasmy-metalowej\/","name":"Grabie z ta\u015bmy metalowej - BIG Ogr\u00f3d","isPartOf":{"@id":"https:\/\/big-ogrod.pl\/#website"},"primaryImageOfPage":{"@id":"https:\/\/big-ogrod.pl\/produkt\/grabie-z-tasmy-metalowej\/#primaryimage"},"image":{"@id":"https:\/\/big-ogrod.pl\/produkt\/grabie-z-tasmy-metalowej\/#primaryimage"},"thumbnailUrl":"https:\/\/big-ogrod.pl\/wp-content\/uploads\/2025\/10\/MN11-1-scaled.jpg","datePublished":"2025-10-20T19:33:10+00:00","dateModified":"2026-02-23T11:51:50+00:00","breadcrumb":{"@id":"https:\/\/big-ogrod.pl\/produkt\/grabie-z-tasmy-metalowej\/#breadcrumb"},"inLanguage":"en-US","potentialAction":[{"@type":"ReadAction","target":["https:\/\/big-ogrod.pl\/produkt\/grabie-z-tasmy-metalowej\/"]}]},{"@type":"ImageObject","inLanguage":"en-US","@id":"https:\/\/big-ogrod.pl\/produkt\/grabie-z-tasmy-metalowej\/#primaryimage","url":"https:\/\/big-ogrod.pl\/wp-content\/uploads\/2025\/10\/MN11-1-scaled.jpg","contentUrl":"https:\/\/big-ogrod.pl\/wp-content\/uploads\/2025\/10\/MN11-1-scaled.jpg","width":2214,"height":2560},{"@type":"BreadcrumbList","@id":"https:\/\/big-ogrod.pl\/produkt\/grabie-z-tasmy-metalowej\/#breadcrumb","itemListElement":[{"@type":"ListItem","position":1,"name":"Strona g\u0142\u00f3wna","item":"https:\/\/big-ogrod.pl\/"},{"@type":"ListItem","position":2,"name":"Produkty","item":"https:\/\/big-ogrod.pl\/sklep\/"},{"@type":"ListItem","position":3,"name":"Grabie z ta\u015bmy metalowej"}]},{"@type":"WebSite","@id":"https:\/\/big-ogrod.pl\/#website","url":"https:\/\/big-ogrod.pl\/","name":"BIG Ogr\u00f3d","description":"","publisher":{"@id":"https:\/\/big-ogrod.pl\/#organization"},"potentialAction":[{"@type":"SearchAction","target":{"@type":"EntryPoint","urlTemplate":"https:\/\/big-ogrod.pl\/?s={search_term_string}"},"query-input":{"@type":"PropertyValueSpecification","valueRequired":true,"valueName":"search_term_string"}}],"inLanguage":"en-US"},{"@type":"Organization","@id":"https:\/\/big-ogrod.pl\/#organization","name":"BIG Ogr\u00f3d","url":"https:\/\/big-ogrod.pl\/","logo":{"@type":"ImageObject","inLanguage":"en-US","@id":"https:\/\/big-ogrod.pl\/#\/schema\/logo\/image\/","url":"https:\/\/big-ogrod.pl\/wp-content\/uploads\/2025\/10\/Logo_Org_Scaled.png","contentUrl":"https:\/\/big-ogrod.pl\/wp-content\/uploads\/2025\/10\/Logo_Org_Scaled.png","width":250,"height":68,"caption":"BIG Ogr\u00f3d"},"image":{"@id":"https:\/\/big-ogrod.pl\/#\/schema\/logo\/image\/"}}]}},"_links":{"self":[{"href":"https:\/\/big-ogrod.pl\/en\/wp-json\/wp\/v2\/product\/2275","targetHints":{"allow":["GET"]}}],"collection":[{"href":"https:\/\/big-ogrod.pl\/en\/wp-json\/wp\/v2\/product"}],"about":[{"href":"https:\/\/big-ogrod.pl\/en\/wp-json\/wp\/v2\/types\/product"}],"version-history":[{"count":1,"href":"https:\/\/big-ogrod.pl\/en\/wp-json\/wp\/v2\/product\/2275\/revisions"}],"predecessor-version":[{"id":4404,"href":"https:\/\/big-ogrod.pl\/en\/wp-json\/wp\/v2\/product\/2275\/revisions\/4404"}],"wp:featuredmedia":[{"embeddable":true,"href":"https:\/\/big-ogrod.pl\/en\/wp-json\/wp\/v2\/media\/4875"}],"wp:attachment":[{"href":"https:\/\/big-ogrod.pl\/en\/wp-json\/wp\/v2\/media?parent=2275"}],"wp:term":[{"taxonomy":"product_brand","embeddable":true,"href":"https:\/\/big-ogrod.pl\/en\/wp-json\/wp\/v2\/product_brand?post=2275"},{"taxonomy":"product_cat","embeddable":true,"href":"https:\/\/big-ogrod.pl\/en\/wp-json\/wp\/v2\/product_cat?post=2275"},{"taxonomy":"product_tag","embeddable":true,"href":"https:\/\/big-ogrod.pl\/en\/wp-json\/wp\/v2\/product_tag?post=2275"}],"curies":[{"name":"wp","href":"https:\/\/api.w.org\/{rel}","templated":true}]}}