{"id":2183,"date":"2025-10-20T21:32:01","date_gmt":"2025-10-20T19:32:01","guid":{"rendered":"https:\/\/big-ogrod.pl\/?post_type=product&#038;p=2183"},"modified":"2026-03-02T12:52:49","modified_gmt":"2026-03-02T11:52:49","slug":"szufelka-do-co-duza","status":"publish","type":"product","link":"https:\/\/big-ogrod.pl\/en\/product\/szufelka-do-co-duza\/","title":{"rendered":"Ash scoop large"},"content":{"rendered":"","protected":false},"excerpt":{"rendered":"<ul>\n<li><small>head made of high-quality steel<\/small><\/li>\n<li><small>pine handle, varnished<\/small><\/li>\n<li><small>a universal tool that is used both for removing ash from the fireplace\/stove and pouring coal into a bucket<\/small><\/li>\n<\/ul>","protected":false},"featured_media":4932,"template":"","meta":[],"product_brand":[],"product_cat":[647,2347,23,2364],"product_tag":[],"class_list":{"0":"post-2183","1":"product","2":"type-product","3":"status-publish","4":"has-post-thumbnail","6":"product_cat-akcesoria-kominkowe","7":"product_cat-akcesoria-kominkowe-new","8":"product_cat-produkty","9":"product_cat-produkty-mm","11":"first","12":"instock","13":"product-type-simple"},"yoast_head":"<!-- This site is optimized with the Yoast SEO plugin v27.4 - https:\/\/yoast.com\/product\/yoast-seo-wordpress\/ -->\n<title>Szufelka do CO Du\u017ca - BIG Ogr\u00f3d<\/title>\n<meta name=\"robots\" content=\"index, follow, max-snippet:-1, max-image-preview:large, max-video-preview:-1\" \/>\n<link rel=\"canonical\" href=\"https:\/\/big-ogrod.pl\/en\/product\/szufelka-do-co-duza\/\" \/>\n<meta property=\"og:locale\" content=\"en_US\" \/>\n<meta property=\"og:type\" content=\"article\" \/>\n<meta property=\"og:title\" content=\"Szufelka do CO Du\u017ca - BIG Ogr\u00f3d\" \/>\n<meta property=\"og:description\" content=\"g\u0142owica wykonana z wysokiej jako\u015bci stali  trzonek sosnowy, lakierowany  uniwersalne narz\u0119dzie, kt\u00f3re s\u0142u\u017cy zar\u00f3wno do wygarniania popio\u0142u z kominka\/pieca\u00a0 jak i przesypywania w\u0119gla do wiaderka\" \/>\n<meta property=\"og:url\" content=\"https:\/\/big-ogrod.pl\/en\/product\/szufelka-do-co-duza\/\" \/>\n<meta property=\"og:site_name\" content=\"BIG Ogr\u00f3d\" \/>\n<meta property=\"article:modified_time\" content=\"2026-03-02T11:52:49+00:00\" \/>\n<meta property=\"og:image\" content=\"https:\/\/big-ogrod.pl\/wp-content\/uploads\/2025\/10\/IGO7788-scaled.jpg\" \/>\n\t<meta property=\"og:image:width\" content=\"1705\" \/>\n\t<meta property=\"og:image:height\" content=\"2560\" \/>\n\t<meta property=\"og:image:type\" content=\"image\/jpeg\" \/>\n<meta name=\"twitter:card\" content=\"summary_large_image\" \/>\n<script type=\"application\/ld+json\" class=\"yoast-schema-graph\">{\"@context\":\"https:\\\/\\\/schema.org\",\"@graph\":[{\"@type\":\"WebPage\",\"@id\":\"https:\\\/\\\/big-ogrod.pl\\\/produkt\\\/szufelka-do-co-duza\\\/\",\"url\":\"https:\\\/\\\/big-ogrod.pl\\\/produkt\\\/szufelka-do-co-duza\\\/\",\"name\":\"Szufelka do CO Du\u017ca - BIG Ogr\u00f3d\",\"isPartOf\":{\"@id\":\"https:\\\/\\\/big-ogrod.pl\\\/#website\"},\"primaryImageOfPage\":{\"@id\":\"https:\\\/\\\/big-ogrod.pl\\\/produkt\\\/szufelka-do-co-duza\\\/#primaryimage\"},\"image\":{\"@id\":\"https:\\\/\\\/big-ogrod.pl\\\/produkt\\\/szufelka-do-co-duza\\\/#primaryimage\"},\"thumbnailUrl\":\"https:\\\/\\\/big-ogrod.pl\\\/wp-content\\\/uploads\\\/2025\\\/10\\\/IGO7788-scaled.jpg\",\"datePublished\":\"2025-10-20T19:32:01+00:00\",\"dateModified\":\"2026-03-02T11:52:49+00:00\",\"breadcrumb\":{\"@id\":\"https:\\\/\\\/big-ogrod.pl\\\/produkt\\\/szufelka-do-co-duza\\\/#breadcrumb\"},\"inLanguage\":\"en-US\",\"potentialAction\":[{\"@type\":\"ReadAction\",\"target\":[\"https:\\\/\\\/big-ogrod.pl\\\/produkt\\\/szufelka-do-co-duza\\\/\"]}]},{\"@type\":\"ImageObject\",\"inLanguage\":\"en-US\",\"@id\":\"https:\\\/\\\/big-ogrod.pl\\\/produkt\\\/szufelka-do-co-duza\\\/#primaryimage\",\"url\":\"https:\\\/\\\/big-ogrod.pl\\\/wp-content\\\/uploads\\\/2025\\\/10\\\/IGO7788-scaled.jpg\",\"contentUrl\":\"https:\\\/\\\/big-ogrod.pl\\\/wp-content\\\/uploads\\\/2025\\\/10\\\/IGO7788-scaled.jpg\",\"width\":1705,\"height\":2560},{\"@type\":\"BreadcrumbList\",\"@id\":\"https:\\\/\\\/big-ogrod.pl\\\/produkt\\\/szufelka-do-co-duza\\\/#breadcrumb\",\"itemListElement\":[{\"@type\":\"ListItem\",\"position\":1,\"name\":\"Strona g\u0142\u00f3wna\",\"item\":\"https:\\\/\\\/big-ogrod.pl\\\/\"},{\"@type\":\"ListItem\",\"position\":2,\"name\":\"Produkty\",\"item\":\"https:\\\/\\\/big-ogrod.pl\\\/sklep\\\/\"},{\"@type\":\"ListItem\",\"position\":3,\"name\":\"Szufelka do CO Du\u017ca\"}]},{\"@type\":\"WebSite\",\"@id\":\"https:\\\/\\\/big-ogrod.pl\\\/#website\",\"url\":\"https:\\\/\\\/big-ogrod.pl\\\/\",\"name\":\"BIG Ogr\u00f3d\",\"description\":\"\",\"publisher\":{\"@id\":\"https:\\\/\\\/big-ogrod.pl\\\/#organization\"},\"potentialAction\":[{\"@type\":\"SearchAction\",\"target\":{\"@type\":\"EntryPoint\",\"urlTemplate\":\"https:\\\/\\\/big-ogrod.pl\\\/?s={search_term_string}\"},\"query-input\":{\"@type\":\"PropertyValueSpecification\",\"valueRequired\":true,\"valueName\":\"search_term_string\"}}],\"inLanguage\":\"en-US\"},{\"@type\":\"Organization\",\"@id\":\"https:\\\/\\\/big-ogrod.pl\\\/#organization\",\"name\":\"BIG Ogr\u00f3d\",\"url\":\"https:\\\/\\\/big-ogrod.pl\\\/\",\"logo\":{\"@type\":\"ImageObject\",\"inLanguage\":\"en-US\",\"@id\":\"https:\\\/\\\/big-ogrod.pl\\\/#\\\/schema\\\/logo\\\/image\\\/\",\"url\":\"https:\\\/\\\/big-ogrod.pl\\\/wp-content\\\/uploads\\\/2025\\\/10\\\/Logo_Org_Scaled.png\",\"contentUrl\":\"https:\\\/\\\/big-ogrod.pl\\\/wp-content\\\/uploads\\\/2025\\\/10\\\/Logo_Org_Scaled.png\",\"width\":250,\"height\":68,\"caption\":\"BIG Ogr\u00f3d\"},\"image\":{\"@id\":\"https:\\\/\\\/big-ogrod.pl\\\/#\\\/schema\\\/logo\\\/image\\\/\"}}]}<\/script>\n<!-- \/ Yoast SEO plugin. -->","yoast_head_json":{"title":"Szufelka do CO Du\u017ca - BIG Ogr\u00f3d","robots":{"index":"index","follow":"follow","max-snippet":"max-snippet:-1","max-image-preview":"max-image-preview:large","max-video-preview":"max-video-preview:-1"},"canonical":"https:\/\/big-ogrod.pl\/en\/product\/szufelka-do-co-duza\/","og_locale":"en_US","og_type":"article","og_title":"Szufelka do CO Du\u017ca - BIG Ogr\u00f3d","og_description":"g\u0142owica wykonana z wysokiej jako\u015bci stali  trzonek sosnowy, lakierowany  uniwersalne narz\u0119dzie, kt\u00f3re s\u0142u\u017cy zar\u00f3wno do wygarniania popio\u0142u z kominka\/pieca\u00a0 jak i przesypywania w\u0119gla do wiaderka","og_url":"https:\/\/big-ogrod.pl\/en\/product\/szufelka-do-co-duza\/","og_site_name":"BIG Ogr\u00f3d","article_modified_time":"2026-03-02T11:52:49+00:00","og_image":[{"width":1705,"height":2560,"url":"https:\/\/big-ogrod.pl\/wp-content\/uploads\/2025\/10\/IGO7788-scaled.jpg","type":"image\/jpeg"}],"twitter_card":"summary_large_image","schema":{"@context":"https:\/\/schema.org","@graph":[{"@type":"WebPage","@id":"https:\/\/big-ogrod.pl\/produkt\/szufelka-do-co-duza\/","url":"https:\/\/big-ogrod.pl\/produkt\/szufelka-do-co-duza\/","name":"Szufelka do CO Du\u017ca - BIG Ogr\u00f3d","isPartOf":{"@id":"https:\/\/big-ogrod.pl\/#website"},"primaryImageOfPage":{"@id":"https:\/\/big-ogrod.pl\/produkt\/szufelka-do-co-duza\/#primaryimage"},"image":{"@id":"https:\/\/big-ogrod.pl\/produkt\/szufelka-do-co-duza\/#primaryimage"},"thumbnailUrl":"https:\/\/big-ogrod.pl\/wp-content\/uploads\/2025\/10\/IGO7788-scaled.jpg","datePublished":"2025-10-20T19:32:01+00:00","dateModified":"2026-03-02T11:52:49+00:00","breadcrumb":{"@id":"https:\/\/big-ogrod.pl\/produkt\/szufelka-do-co-duza\/#breadcrumb"},"inLanguage":"en-US","potentialAction":[{"@type":"ReadAction","target":["https:\/\/big-ogrod.pl\/produkt\/szufelka-do-co-duza\/"]}]},{"@type":"ImageObject","inLanguage":"en-US","@id":"https:\/\/big-ogrod.pl\/produkt\/szufelka-do-co-duza\/#primaryimage","url":"https:\/\/big-ogrod.pl\/wp-content\/uploads\/2025\/10\/IGO7788-scaled.jpg","contentUrl":"https:\/\/big-ogrod.pl\/wp-content\/uploads\/2025\/10\/IGO7788-scaled.jpg","width":1705,"height":2560},{"@type":"BreadcrumbList","@id":"https:\/\/big-ogrod.pl\/produkt\/szufelka-do-co-duza\/#breadcrumb","itemListElement":[{"@type":"ListItem","position":1,"name":"Strona g\u0142\u00f3wna","item":"https:\/\/big-ogrod.pl\/"},{"@type":"ListItem","position":2,"name":"Produkty","item":"https:\/\/big-ogrod.pl\/sklep\/"},{"@type":"ListItem","position":3,"name":"Szufelka do CO Du\u017ca"}]},{"@type":"WebSite","@id":"https:\/\/big-ogrod.pl\/#website","url":"https:\/\/big-ogrod.pl\/","name":"BIG Ogr\u00f3d","description":"","publisher":{"@id":"https:\/\/big-ogrod.pl\/#organization"},"potentialAction":[{"@type":"SearchAction","target":{"@type":"EntryPoint","urlTemplate":"https:\/\/big-ogrod.pl\/?s={search_term_string}"},"query-input":{"@type":"PropertyValueSpecification","valueRequired":true,"valueName":"search_term_string"}}],"inLanguage":"en-US"},{"@type":"Organization","@id":"https:\/\/big-ogrod.pl\/#organization","name":"BIG Ogr\u00f3d","url":"https:\/\/big-ogrod.pl\/","logo":{"@type":"ImageObject","inLanguage":"en-US","@id":"https:\/\/big-ogrod.pl\/#\/schema\/logo\/image\/","url":"https:\/\/big-ogrod.pl\/wp-content\/uploads\/2025\/10\/Logo_Org_Scaled.png","contentUrl":"https:\/\/big-ogrod.pl\/wp-content\/uploads\/2025\/10\/Logo_Org_Scaled.png","width":250,"height":68,"caption":"BIG Ogr\u00f3d"},"image":{"@id":"https:\/\/big-ogrod.pl\/#\/schema\/logo\/image\/"}}]}},"_links":{"self":[{"href":"https:\/\/big-ogrod.pl\/en\/wp-json\/wp\/v2\/product\/2183","targetHints":{"allow":["GET"]}}],"collection":[{"href":"https:\/\/big-ogrod.pl\/en\/wp-json\/wp\/v2\/product"}],"about":[{"href":"https:\/\/big-ogrod.pl\/en\/wp-json\/wp\/v2\/types\/product"}],"version-history":[{"count":1,"href":"https:\/\/big-ogrod.pl\/en\/wp-json\/wp\/v2\/product\/2183\/revisions"}],"predecessor-version":[{"id":4293,"href":"https:\/\/big-ogrod.pl\/en\/wp-json\/wp\/v2\/product\/2183\/revisions\/4293"}],"wp:featuredmedia":[{"embeddable":true,"href":"https:\/\/big-ogrod.pl\/en\/wp-json\/wp\/v2\/media\/4932"}],"wp:attachment":[{"href":"https:\/\/big-ogrod.pl\/en\/wp-json\/wp\/v2\/media?parent=2183"}],"wp:term":[{"taxonomy":"product_brand","embeddable":true,"href":"https:\/\/big-ogrod.pl\/en\/wp-json\/wp\/v2\/product_brand?post=2183"},{"taxonomy":"product_cat","embeddable":true,"href":"https:\/\/big-ogrod.pl\/en\/wp-json\/wp\/v2\/product_cat?post=2183"},{"taxonomy":"product_tag","embeddable":true,"href":"https:\/\/big-ogrod.pl\/en\/wp-json\/wp\/v2\/product_tag?post=2183"}],"curies":[{"name":"wp","href":"https:\/\/api.w.org\/{rel}","templated":true}]}}