{"id":2148,"date":"2025-10-20T21:31:37","date_gmt":"2025-10-20T19:31:37","guid":{"rendered":"https:\/\/big-ogrod.pl\/?post_type=product&#038;p=2148"},"modified":"2026-01-30T11:04:10","modified_gmt":"2026-01-30T10:04:10","slug":"grabie-z-drutu-regulowane","status":"publish","type":"product","link":"https:\/\/big-ogrod.pl\/en\/product\/grabie-z-drutu-regulowane\/","title":{"rendered":"Adjustable rake made of wire large"},"content":{"rendered":"","protected":false},"excerpt":{"rendered":"<ul>\n<li><small>head made of steel wire<\/small><\/li>\n<li><small>metal shaft<\/small><\/li>\n<li><span style=\"font-size: 13px;\">the rake width can be adjusted, so you can adapt the tool to your current needs<\/span><\/li>\n<li><small>you can easily adjust the spacing of your teeth, depending on your individual needs<\/small><\/li>\n<li><small>designed for removing grass clippings or raking fallen leaves in gardens<\/small><\/li>\n<\/ul>","protected":false},"featured_media":4698,"template":"","meta":[],"product_brand":[],"product_cat":[2339,24,2340,23,2364],"product_tag":[],"class_list":{"0":"post-2148","1":"product","2":"type-product","3":"status-publish","4":"has-post-thumbnail","6":"product_cat-grabie","7":"product_cat-grabie-areatory","8":"product_cat-grabie-metalowe","9":"product_cat-produkty","10":"product_cat-produkty-mm","12":"first","13":"instock","14":"product-type-simple"},"yoast_head":"<!-- This site is optimized with the Yoast SEO plugin v27.3 - https:\/\/yoast.com\/product\/yoast-seo-wordpress\/ -->\n<title>Grabie z drutu regulowane - BIG Ogr\u00f3d<\/title>\n<meta name=\"robots\" content=\"index, follow, max-snippet:-1, max-image-preview:large, max-video-preview:-1\" \/>\n<link rel=\"canonical\" href=\"https:\/\/big-ogrod.pl\/en\/product\/grabie-z-drutu-regulowane\/\" \/>\n<meta property=\"og:locale\" content=\"en_US\" \/>\n<meta property=\"og:type\" content=\"article\" \/>\n<meta property=\"og:title\" content=\"Grabie z drutu regulowane - BIG Ogr\u00f3d\" \/>\n<meta property=\"og:description\" content=\"g\u0142owica wykonana z drutu stalowego  trzonek metalowy  mo\u017cliwo\u015b\u0107 regulacji szeroko\u015bci grabi, dzi\u0119ki czemu mo\u017cesz dopasowa\u0107 narz\u0119dzie do aktualnych potrzeb  w bardzo prostu spos\u00f3b wyregulujesz odst\u0119py z\u0119b\u00f3w, w zale\u017cno\u015bci od indywidualnego zapotrzebowania  przeznaczone do usuwania skoszonej trawy czy grabienia opad\u0142ych li\u015bci w ogrodach\" \/>\n<meta property=\"og:url\" content=\"https:\/\/big-ogrod.pl\/en\/product\/grabie-z-drutu-regulowane\/\" \/>\n<meta property=\"og:site_name\" content=\"BIG Ogr\u00f3d\" \/>\n<meta property=\"article:modified_time\" content=\"2026-01-30T10:04:10+00:00\" \/>\n<meta property=\"og:image\" content=\"https:\/\/big-ogrod.pl\/wp-content\/uploads\/2025\/10\/DR-1-scaled.jpg\" \/>\n\t<meta property=\"og:image:width\" content=\"2010\" \/>\n\t<meta property=\"og:image:height\" content=\"2560\" \/>\n\t<meta property=\"og:image:type\" content=\"image\/jpeg\" \/>\n<meta name=\"twitter:card\" content=\"summary_large_image\" \/>\n<meta name=\"twitter:label1\" content=\"Est. reading time\" \/>\n\t<meta name=\"twitter:data1\" content=\"1 minute\" \/>\n<script type=\"application\/ld+json\" class=\"yoast-schema-graph\">{\"@context\":\"https:\\\/\\\/schema.org\",\"@graph\":[{\"@type\":\"WebPage\",\"@id\":\"https:\\\/\\\/big-ogrod.pl\\\/produkt\\\/grabie-z-drutu-regulowane\\\/\",\"url\":\"https:\\\/\\\/big-ogrod.pl\\\/produkt\\\/grabie-z-drutu-regulowane\\\/\",\"name\":\"Grabie z drutu regulowane - BIG Ogr\u00f3d\",\"isPartOf\":{\"@id\":\"https:\\\/\\\/big-ogrod.pl\\\/#website\"},\"primaryImageOfPage\":{\"@id\":\"https:\\\/\\\/big-ogrod.pl\\\/produkt\\\/grabie-z-drutu-regulowane\\\/#primaryimage\"},\"image\":{\"@id\":\"https:\\\/\\\/big-ogrod.pl\\\/produkt\\\/grabie-z-drutu-regulowane\\\/#primaryimage\"},\"thumbnailUrl\":\"https:\\\/\\\/big-ogrod.pl\\\/wp-content\\\/uploads\\\/2025\\\/10\\\/DR-1-scaled.jpg\",\"datePublished\":\"2025-10-20T19:31:37+00:00\",\"dateModified\":\"2026-01-30T10:04:10+00:00\",\"breadcrumb\":{\"@id\":\"https:\\\/\\\/big-ogrod.pl\\\/produkt\\\/grabie-z-drutu-regulowane\\\/#breadcrumb\"},\"inLanguage\":\"en-US\",\"potentialAction\":[{\"@type\":\"ReadAction\",\"target\":[\"https:\\\/\\\/big-ogrod.pl\\\/produkt\\\/grabie-z-drutu-regulowane\\\/\"]}]},{\"@type\":\"ImageObject\",\"inLanguage\":\"en-US\",\"@id\":\"https:\\\/\\\/big-ogrod.pl\\\/produkt\\\/grabie-z-drutu-regulowane\\\/#primaryimage\",\"url\":\"https:\\\/\\\/big-ogrod.pl\\\/wp-content\\\/uploads\\\/2025\\\/10\\\/DR-1-scaled.jpg\",\"contentUrl\":\"https:\\\/\\\/big-ogrod.pl\\\/wp-content\\\/uploads\\\/2025\\\/10\\\/DR-1-scaled.jpg\",\"width\":2010,\"height\":2560},{\"@type\":\"BreadcrumbList\",\"@id\":\"https:\\\/\\\/big-ogrod.pl\\\/produkt\\\/grabie-z-drutu-regulowane\\\/#breadcrumb\",\"itemListElement\":[{\"@type\":\"ListItem\",\"position\":1,\"name\":\"Strona g\u0142\u00f3wna\",\"item\":\"https:\\\/\\\/big-ogrod.pl\\\/\"},{\"@type\":\"ListItem\",\"position\":2,\"name\":\"Produkty\",\"item\":\"https:\\\/\\\/big-ogrod.pl\\\/sklep\\\/\"},{\"@type\":\"ListItem\",\"position\":3,\"name\":\"Grabie z drutu regulowane\"}]},{\"@type\":\"WebSite\",\"@id\":\"https:\\\/\\\/big-ogrod.pl\\\/#website\",\"url\":\"https:\\\/\\\/big-ogrod.pl\\\/\",\"name\":\"BIG Ogr\u00f3d\",\"description\":\"\",\"publisher\":{\"@id\":\"https:\\\/\\\/big-ogrod.pl\\\/#organization\"},\"potentialAction\":[{\"@type\":\"SearchAction\",\"target\":{\"@type\":\"EntryPoint\",\"urlTemplate\":\"https:\\\/\\\/big-ogrod.pl\\\/?s={search_term_string}\"},\"query-input\":{\"@type\":\"PropertyValueSpecification\",\"valueRequired\":true,\"valueName\":\"search_term_string\"}}],\"inLanguage\":\"en-US\"},{\"@type\":\"Organization\",\"@id\":\"https:\\\/\\\/big-ogrod.pl\\\/#organization\",\"name\":\"BIG Ogr\u00f3d\",\"url\":\"https:\\\/\\\/big-ogrod.pl\\\/\",\"logo\":{\"@type\":\"ImageObject\",\"inLanguage\":\"en-US\",\"@id\":\"https:\\\/\\\/big-ogrod.pl\\\/#\\\/schema\\\/logo\\\/image\\\/\",\"url\":\"https:\\\/\\\/big-ogrod.pl\\\/wp-content\\\/uploads\\\/2025\\\/10\\\/Logo_Org_Scaled.png\",\"contentUrl\":\"https:\\\/\\\/big-ogrod.pl\\\/wp-content\\\/uploads\\\/2025\\\/10\\\/Logo_Org_Scaled.png\",\"width\":250,\"height\":68,\"caption\":\"BIG Ogr\u00f3d\"},\"image\":{\"@id\":\"https:\\\/\\\/big-ogrod.pl\\\/#\\\/schema\\\/logo\\\/image\\\/\"}}]}<\/script>\n<!-- \/ Yoast SEO plugin. -->","yoast_head_json":{"title":"Grabie z drutu regulowane - BIG Ogr\u00f3d","robots":{"index":"index","follow":"follow","max-snippet":"max-snippet:-1","max-image-preview":"max-image-preview:large","max-video-preview":"max-video-preview:-1"},"canonical":"https:\/\/big-ogrod.pl\/en\/product\/grabie-z-drutu-regulowane\/","og_locale":"en_US","og_type":"article","og_title":"Grabie z drutu regulowane - BIG Ogr\u00f3d","og_description":"g\u0142owica wykonana z drutu stalowego  trzonek metalowy  mo\u017cliwo\u015b\u0107 regulacji szeroko\u015bci grabi, dzi\u0119ki czemu mo\u017cesz dopasowa\u0107 narz\u0119dzie do aktualnych potrzeb  w bardzo prostu spos\u00f3b wyregulujesz odst\u0119py z\u0119b\u00f3w, w zale\u017cno\u015bci od indywidualnego zapotrzebowania  przeznaczone do usuwania skoszonej trawy czy grabienia opad\u0142ych li\u015bci w ogrodach","og_url":"https:\/\/big-ogrod.pl\/en\/product\/grabie-z-drutu-regulowane\/","og_site_name":"BIG Ogr\u00f3d","article_modified_time":"2026-01-30T10:04:10+00:00","og_image":[{"width":2010,"height":2560,"url":"https:\/\/big-ogrod.pl\/wp-content\/uploads\/2025\/10\/DR-1-scaled.jpg","type":"image\/jpeg"}],"twitter_card":"summary_large_image","twitter_misc":{"Est. reading time":"1 minute"},"schema":{"@context":"https:\/\/schema.org","@graph":[{"@type":"WebPage","@id":"https:\/\/big-ogrod.pl\/produkt\/grabie-z-drutu-regulowane\/","url":"https:\/\/big-ogrod.pl\/produkt\/grabie-z-drutu-regulowane\/","name":"Grabie z drutu regulowane - BIG Ogr\u00f3d","isPartOf":{"@id":"https:\/\/big-ogrod.pl\/#website"},"primaryImageOfPage":{"@id":"https:\/\/big-ogrod.pl\/produkt\/grabie-z-drutu-regulowane\/#primaryimage"},"image":{"@id":"https:\/\/big-ogrod.pl\/produkt\/grabie-z-drutu-regulowane\/#primaryimage"},"thumbnailUrl":"https:\/\/big-ogrod.pl\/wp-content\/uploads\/2025\/10\/DR-1-scaled.jpg","datePublished":"2025-10-20T19:31:37+00:00","dateModified":"2026-01-30T10:04:10+00:00","breadcrumb":{"@id":"https:\/\/big-ogrod.pl\/produkt\/grabie-z-drutu-regulowane\/#breadcrumb"},"inLanguage":"en-US","potentialAction":[{"@type":"ReadAction","target":["https:\/\/big-ogrod.pl\/produkt\/grabie-z-drutu-regulowane\/"]}]},{"@type":"ImageObject","inLanguage":"en-US","@id":"https:\/\/big-ogrod.pl\/produkt\/grabie-z-drutu-regulowane\/#primaryimage","url":"https:\/\/big-ogrod.pl\/wp-content\/uploads\/2025\/10\/DR-1-scaled.jpg","contentUrl":"https:\/\/big-ogrod.pl\/wp-content\/uploads\/2025\/10\/DR-1-scaled.jpg","width":2010,"height":2560},{"@type":"BreadcrumbList","@id":"https:\/\/big-ogrod.pl\/produkt\/grabie-z-drutu-regulowane\/#breadcrumb","itemListElement":[{"@type":"ListItem","position":1,"name":"Strona g\u0142\u00f3wna","item":"https:\/\/big-ogrod.pl\/"},{"@type":"ListItem","position":2,"name":"Produkty","item":"https:\/\/big-ogrod.pl\/sklep\/"},{"@type":"ListItem","position":3,"name":"Grabie z drutu regulowane"}]},{"@type":"WebSite","@id":"https:\/\/big-ogrod.pl\/#website","url":"https:\/\/big-ogrod.pl\/","name":"BIG Ogr\u00f3d","description":"","publisher":{"@id":"https:\/\/big-ogrod.pl\/#organization"},"potentialAction":[{"@type":"SearchAction","target":{"@type":"EntryPoint","urlTemplate":"https:\/\/big-ogrod.pl\/?s={search_term_string}"},"query-input":{"@type":"PropertyValueSpecification","valueRequired":true,"valueName":"search_term_string"}}],"inLanguage":"en-US"},{"@type":"Organization","@id":"https:\/\/big-ogrod.pl\/#organization","name":"BIG Ogr\u00f3d","url":"https:\/\/big-ogrod.pl\/","logo":{"@type":"ImageObject","inLanguage":"en-US","@id":"https:\/\/big-ogrod.pl\/#\/schema\/logo\/image\/","url":"https:\/\/big-ogrod.pl\/wp-content\/uploads\/2025\/10\/Logo_Org_Scaled.png","contentUrl":"https:\/\/big-ogrod.pl\/wp-content\/uploads\/2025\/10\/Logo_Org_Scaled.png","width":250,"height":68,"caption":"BIG Ogr\u00f3d"},"image":{"@id":"https:\/\/big-ogrod.pl\/#\/schema\/logo\/image\/"}}]}},"_links":{"self":[{"href":"https:\/\/big-ogrod.pl\/en\/wp-json\/wp\/v2\/product\/2148","targetHints":{"allow":["GET"]}}],"collection":[{"href":"https:\/\/big-ogrod.pl\/en\/wp-json\/wp\/v2\/product"}],"about":[{"href":"https:\/\/big-ogrod.pl\/en\/wp-json\/wp\/v2\/types\/product"}],"version-history":[{"count":1,"href":"https:\/\/big-ogrod.pl\/en\/wp-json\/wp\/v2\/product\/2148\/revisions"}],"predecessor-version":[{"id":4201,"href":"https:\/\/big-ogrod.pl\/en\/wp-json\/wp\/v2\/product\/2148\/revisions\/4201"}],"wp:featuredmedia":[{"embeddable":true,"href":"https:\/\/big-ogrod.pl\/en\/wp-json\/wp\/v2\/media\/4698"}],"wp:attachment":[{"href":"https:\/\/big-ogrod.pl\/en\/wp-json\/wp\/v2\/media?parent=2148"}],"wp:term":[{"taxonomy":"product_brand","embeddable":true,"href":"https:\/\/big-ogrod.pl\/en\/wp-json\/wp\/v2\/product_brand?post=2148"},{"taxonomy":"product_cat","embeddable":true,"href":"https:\/\/big-ogrod.pl\/en\/wp-json\/wp\/v2\/product_cat?post=2148"},{"taxonomy":"product_tag","embeddable":true,"href":"https:\/\/big-ogrod.pl\/en\/wp-json\/wp\/v2\/product_tag?post=2148"}],"curies":[{"name":"wp","href":"https:\/\/api.w.org\/{rel}","templated":true}]}}