{"id":3503,"date":"2025-11-07T08:00:59","date_gmt":"2025-11-07T07:00:59","guid":{"rendered":"https:\/\/big-ogrod.pl\/?page_id=3503"},"modified":"2025-11-07T08:05:29","modified_gmt":"2025-11-07T07:05:29","slug":"polityka-plikow-cookie","status":"publish","type":"page","link":"https:\/\/big-ogrod.pl\/en\/polityka-plikow-cookie\/","title":{"rendered":"Cookie Policy"},"content":{"rendered":"<div data-elementor-type=\"wp-page\" data-elementor-id=\"3503\" class=\"elementor elementor-3503\" data-elementor-post-type=\"page\">\n\t\t\t\t<div class=\"elementor-element elementor-element-574b15b e-flex e-con-boxed e-con e-parent\" data-id=\"574b15b\" data-element_type=\"container\" data-e-type=\"container\">\n\t\t\t\t\t<div class=\"e-con-inner\">\n\t\t\t\t<div class=\"elementor-element elementor-element-8a46ed4 cookie-policy elementor-widget elementor-widget-html\" data-id=\"8a46ed4\" data-element_type=\"widget\" data-e-type=\"widget\" data-widget_type=\"html.default\">\n\t\t\t\t\t<!-- Start CookieYes cookie policy -->\n<style>\n.cookie-policy{\n    text-align: justify;\n}\n  a.cky-banner-element {\n    padding: 8px 30px;\n    background: #f8f9fa;\n    color: #858a8f;\n    border: 1px solid #dee2e6;\n    box-sizing: border-box;\n    border-radius: 2px;\n    cursor: pointer\n  }\n  p a{\n      color:#182a42;\n  }\n  \n<\/style>\n<h1 class=\"cookie-policy-h1\">Cookie Policy<\/h1>\n<div class=\"cookie-policy-date-container\">\n  <p>Effective Date: November 7, 2025<\/p>\n  <p>Last update: November 7, 2025<\/p>\n<\/div>&nbsp;<h2>What are the Cookies?<\/h2>\n<div class=\"cookie-policy-p\">\n  <p>The Cookie Policy explains what cookies are, how we use them, what specific cookies we use (i.e. what information is stored in cookies and how that information is defined) and what cookie settings are.<\/p>\n  <p>Cookies are small text files used to store small pieces of information. They are saved on your device when you load a website in your browser. These cookies help make the website function properly, enhance security, provide a better user experience, and analyze performance to determine what's working and where improvements are needed.<\/p>\n<\/div>&nbsp;<h2>How do we use Cookies?<\/h2>\n<div class=\"cookie-policy-p\">\n  <p>Like most online services, our website uses both first-party and third-party cookies for various purposes. First-party cookies are essential for the website to function properly and do not collect any personal data. <\/p>\n  <p>The third-party cookies used on our website primarily help us understand how the website performs, track interactions with our website, keep our services secure, provide relevant advertisements, and improve your overall experience while speeding up your future interactions with our website.<\/p>\n<\/div>&nbsp;<h2>File types we use<\/h2>\n<div class=\"cky-audit-table-element\"><\/div>&nbsp;<h2 style=\"margin-bottom: 20px\">Manage your cookie preferences<\/h2><a class=\"cky-banner-element\">Consent preferences<\/a><br \/>\n<div>\n  <p>You can change your cookie settings at any time by clicking the \"Consent Preferences\" button above. This will allow you to re-display the cookie consent banner and update your preferences, or withdraw your consent immediately.<\/p>\n  <p>Additionally, different browsers offer different methods for blocking and deleting cookies used by websites. You can adjust your browser settings to block or delete cookies. Below are links to help documents on managing and deleting cookies in the most popular web browsers.<\/p>\n  <p>Chrome: <a href=\"https:\/\/support.google.com\/accounts\/answer\/32050\" rel=\"noopener noreferrer\" target=\"_blank\">https:\/\/support.google.com\/accounts\/answer\/32050<\/a><\/p>\n  <p>Safari: <a href=\"https:\/\/support.apple.com\/en-in\/guide\/safari\/sfri11471\/mac\" rel=\"noopener noreferrer\" target=\"_blank\">https:\/\/support.apple.com\/en-in\/guide\/safari\/sfri11471\/mac<\/a><\/p>\n  <p>Firefox: <a href=\"https:\/\/support.mozilla.org\/en-US\/kb\/clear-cookies-and-site-data-firefox?redirectslug=delete-cookies-remove-info-websites-stored&amp;redirectlocale=en-US\" rel=\"noopener noreferrer\" target=\"_blank\">https:\/\/support.mozilla.org\/en-US\/kb\/clear-cookies-and-site-data-firefox?redirectslug=delete-cookies-remove-info-websites-stored&amp;redirectlocale=en-US<\/a><\/p>\n  <p>Internet Explorer: <a href=\"https:\/\/support.microsoft.com\/en-us\/topic\/how-to-delete-cookie-files-in-internet-explorer-bca9446f-d873-78de-77ba-d42645fa52fc\" rel=\"noopener noreferrer\" target=\"_blank\">https:\/\/support.microsoft.com\/en-us\/topic\/how-to-delete-cookie-files-in-internet-explorer-bca9446f-d873-78de-77ba-d42645fa52fc<\/a><\/p>\n  <p>Je\u015bli u\u017cywasz innej przegl\u0105darki internetowej, zapoznaj si\u0119 z jej oficjaln\u0105 dokumentacj\u0105 pomocy technicznej.<\/p>\n<\/div>&nbsp;\n<!-- End CookieYes cookie policy -->\t\t\t\t<\/div>\n\t\t\t\t\t<\/div>\n\t\t\t\t<\/div>\n\t\t\t\t<\/div>","protected":false},"excerpt":{"rendered":"<p>Polityka plik\u00f3w Cookie Data wej\u015bcia w \u017cycie: Listopad 07, 2025 Ostatnia aktualizacja: Listopad 07, 2025 &nbsp; Co to s\u0105 pliki Cookies? Niniejsza Polityka Plik\u00f3w Cookie wyja\u015bnia, czym s\u0105 pliki cookie, w jaki spos\u00f3b je wykorzystujemy, jakie rodzaje plik\u00f3w cookie wykorzystujemy (tj. jakie informacje gromadzimy za pomoc\u0105 plik\u00f3w cookie i jak te informacje s\u0105 wykorzystywane) oraz [&hellip;]<\/p>\n","protected":false},"author":1,"featured_media":0,"parent":0,"menu_order":0,"comment_status":"closed","ping_status":"closed","template":"","meta":{"footnotes":""},"class_list":["post-3503","page","type-page","status-publish","hentry"],"yoast_head":"<!-- This site is optimized with the Yoast SEO plugin v27.4 - https:\/\/yoast.com\/product\/yoast-seo-wordpress\/ -->\n<title>Polityka plik\u00f3w Cookie - BIG Ogr\u00f3d<\/title>\n<meta name=\"description\" content=\"Dowiedz si\u0119, co to s\u0105 pliki cookie oraz w jaki spos\u00f3b przechowujemy oraz wykorzystujemy pliki Cookie na naszej witrynie.\" \/>\n<meta name=\"robots\" content=\"index, follow, max-snippet:-1, max-image-preview:large, max-video-preview:-1\" \/>\n<link rel=\"canonical\" href=\"https:\/\/big-ogrod.pl\/en\/polityka-plikow-cookie\/\" \/>\n<meta property=\"og:locale\" content=\"en_US\" \/>\n<meta property=\"og:type\" content=\"article\" \/>\n<meta property=\"og:title\" content=\"Polityka plik\u00f3w Cookie - BIG Ogr\u00f3d\" \/>\n<meta property=\"og:description\" content=\"Dowiedz si\u0119, co to s\u0105 pliki cookie oraz w jaki spos\u00f3b przechowujemy oraz wykorzystujemy pliki Cookie na naszej witrynie.\" \/>\n<meta property=\"og:url\" content=\"https:\/\/big-ogrod.pl\/en\/polityka-plikow-cookie\/\" \/>\n<meta property=\"og:site_name\" content=\"BIG Ogr\u00f3d\" \/>\n<meta property=\"article:modified_time\" content=\"2025-11-07T07:05:29+00:00\" \/>\n<meta name=\"twitter:card\" content=\"summary_large_image\" \/>\n<meta name=\"twitter:label1\" content=\"Est. reading time\" \/>\n\t<meta name=\"twitter:data1\" content=\"2 minutes\" \/>\n<script type=\"application\/ld+json\" class=\"yoast-schema-graph\">{\"@context\":\"https:\\\/\\\/schema.org\",\"@graph\":[{\"@type\":\"WebPage\",\"@id\":\"https:\\\/\\\/big-ogrod.pl\\\/polityka-plikow-cookie\\\/\",\"url\":\"https:\\\/\\\/big-ogrod.pl\\\/polityka-plikow-cookie\\\/\",\"name\":\"Polityka plik\u00f3w Cookie - BIG Ogr\u00f3d\",\"isPartOf\":{\"@id\":\"https:\\\/\\\/big-ogrod.pl\\\/#website\"},\"datePublished\":\"2025-11-07T07:00:59+00:00\",\"dateModified\":\"2025-11-07T07:05:29+00:00\",\"description\":\"Dowiedz si\u0119, co to s\u0105 pliki cookie oraz w jaki spos\u00f3b przechowujemy oraz wykorzystujemy pliki Cookie na naszej witrynie.\",\"breadcrumb\":{\"@id\":\"https:\\\/\\\/big-ogrod.pl\\\/polityka-plikow-cookie\\\/#breadcrumb\"},\"inLanguage\":\"en-US\",\"potentialAction\":[{\"@type\":\"ReadAction\",\"target\":[\"https:\\\/\\\/big-ogrod.pl\\\/polityka-plikow-cookie\\\/\"]}]},{\"@type\":\"BreadcrumbList\",\"@id\":\"https:\\\/\\\/big-ogrod.pl\\\/polityka-plikow-cookie\\\/#breadcrumb\",\"itemListElement\":[{\"@type\":\"ListItem\",\"position\":1,\"name\":\"Strona g\u0142\u00f3wna\",\"item\":\"https:\\\/\\\/big-ogrod.pl\\\/\"},{\"@type\":\"ListItem\",\"position\":2,\"name\":\"Polityka plik\u00f3w Cookie\"}]},{\"@type\":\"WebSite\",\"@id\":\"https:\\\/\\\/big-ogrod.pl\\\/#website\",\"url\":\"https:\\\/\\\/big-ogrod.pl\\\/\",\"name\":\"BIG Ogr\u00f3d\",\"description\":\"\",\"publisher\":{\"@id\":\"https:\\\/\\\/big-ogrod.pl\\\/#organization\"},\"potentialAction\":[{\"@type\":\"SearchAction\",\"target\":{\"@type\":\"EntryPoint\",\"urlTemplate\":\"https:\\\/\\\/big-ogrod.pl\\\/?s={search_term_string}\"},\"query-input\":{\"@type\":\"PropertyValueSpecification\",\"valueRequired\":true,\"valueName\":\"search_term_string\"}}],\"inLanguage\":\"en-US\"},{\"@type\":\"Organization\",\"@id\":\"https:\\\/\\\/big-ogrod.pl\\\/#organization\",\"name\":\"BIG Ogr\u00f3d\",\"url\":\"https:\\\/\\\/big-ogrod.pl\\\/\",\"logo\":{\"@type\":\"ImageObject\",\"inLanguage\":\"en-US\",\"@id\":\"https:\\\/\\\/big-ogrod.pl\\\/#\\\/schema\\\/logo\\\/image\\\/\",\"url\":\"https:\\\/\\\/big-ogrod.pl\\\/wp-content\\\/uploads\\\/2025\\\/10\\\/Logo_Org_Scaled.png\",\"contentUrl\":\"https:\\\/\\\/big-ogrod.pl\\\/wp-content\\\/uploads\\\/2025\\\/10\\\/Logo_Org_Scaled.png\",\"width\":250,\"height\":68,\"caption\":\"BIG Ogr\u00f3d\"},\"image\":{\"@id\":\"https:\\\/\\\/big-ogrod.pl\\\/#\\\/schema\\\/logo\\\/image\\\/\"}}]}<\/script>\n<!-- \/ Yoast SEO plugin. -->","yoast_head_json":{"title":"Polityka plik\u00f3w Cookie - BIG Ogr\u00f3d","description":"Dowiedz si\u0119, co to s\u0105 pliki cookie oraz w jaki spos\u00f3b przechowujemy oraz wykorzystujemy pliki Cookie na naszej witrynie.","robots":{"index":"index","follow":"follow","max-snippet":"max-snippet:-1","max-image-preview":"max-image-preview:large","max-video-preview":"max-video-preview:-1"},"canonical":"https:\/\/big-ogrod.pl\/en\/polityka-plikow-cookie\/","og_locale":"en_US","og_type":"article","og_title":"Polityka plik\u00f3w Cookie - BIG Ogr\u00f3d","og_description":"Dowiedz si\u0119, co to s\u0105 pliki cookie oraz w jaki spos\u00f3b przechowujemy oraz wykorzystujemy pliki Cookie na naszej witrynie.","og_url":"https:\/\/big-ogrod.pl\/en\/polityka-plikow-cookie\/","og_site_name":"BIG Ogr\u00f3d","article_modified_time":"2025-11-07T07:05:29+00:00","twitter_card":"summary_large_image","twitter_misc":{"Est. reading time":"2 minutes"},"schema":{"@context":"https:\/\/schema.org","@graph":[{"@type":"WebPage","@id":"https:\/\/big-ogrod.pl\/polityka-plikow-cookie\/","url":"https:\/\/big-ogrod.pl\/polityka-plikow-cookie\/","name":"Polityka plik\u00f3w Cookie - BIG Ogr\u00f3d","isPartOf":{"@id":"https:\/\/big-ogrod.pl\/#website"},"datePublished":"2025-11-07T07:00:59+00:00","dateModified":"2025-11-07T07:05:29+00:00","description":"Dowiedz si\u0119, co to s\u0105 pliki cookie oraz w jaki spos\u00f3b przechowujemy oraz wykorzystujemy pliki Cookie na naszej witrynie.","breadcrumb":{"@id":"https:\/\/big-ogrod.pl\/polityka-plikow-cookie\/#breadcrumb"},"inLanguage":"en-US","potentialAction":[{"@type":"ReadAction","target":["https:\/\/big-ogrod.pl\/polityka-plikow-cookie\/"]}]},{"@type":"BreadcrumbList","@id":"https:\/\/big-ogrod.pl\/polityka-plikow-cookie\/#breadcrumb","itemListElement":[{"@type":"ListItem","position":1,"name":"Strona g\u0142\u00f3wna","item":"https:\/\/big-ogrod.pl\/"},{"@type":"ListItem","position":2,"name":"Polityka plik\u00f3w Cookie"}]},{"@type":"WebSite","@id":"https:\/\/big-ogrod.pl\/#website","url":"https:\/\/big-ogrod.pl\/","name":"BIG Ogr\u00f3d","description":"","publisher":{"@id":"https:\/\/big-ogrod.pl\/#organization"},"potentialAction":[{"@type":"SearchAction","target":{"@type":"EntryPoint","urlTemplate":"https:\/\/big-ogrod.pl\/?s={search_term_string}"},"query-input":{"@type":"PropertyValueSpecification","valueRequired":true,"valueName":"search_term_string"}}],"inLanguage":"en-US"},{"@type":"Organization","@id":"https:\/\/big-ogrod.pl\/#organization","name":"BIG Ogr\u00f3d","url":"https:\/\/big-ogrod.pl\/","logo":{"@type":"ImageObject","inLanguage":"en-US","@id":"https:\/\/big-ogrod.pl\/#\/schema\/logo\/image\/","url":"https:\/\/big-ogrod.pl\/wp-content\/uploads\/2025\/10\/Logo_Org_Scaled.png","contentUrl":"https:\/\/big-ogrod.pl\/wp-content\/uploads\/2025\/10\/Logo_Org_Scaled.png","width":250,"height":68,"caption":"BIG Ogr\u00f3d"},"image":{"@id":"https:\/\/big-ogrod.pl\/#\/schema\/logo\/image\/"}}]}},"_links":{"self":[{"href":"https:\/\/big-ogrod.pl\/en\/wp-json\/wp\/v2\/pages\/3503","targetHints":{"allow":["GET"]}}],"collection":[{"href":"https:\/\/big-ogrod.pl\/en\/wp-json\/wp\/v2\/pages"}],"about":[{"href":"https:\/\/big-ogrod.pl\/en\/wp-json\/wp\/v2\/types\/page"}],"author":[{"embeddable":true,"href":"https:\/\/big-ogrod.pl\/en\/wp-json\/wp\/v2\/users\/1"}],"replies":[{"embeddable":true,"href":"https:\/\/big-ogrod.pl\/en\/wp-json\/wp\/v2\/comments?post=3503"}],"version-history":[{"count":13,"href":"https:\/\/big-ogrod.pl\/en\/wp-json\/wp\/v2\/pages\/3503\/revisions"}],"predecessor-version":[{"id":3516,"href":"https:\/\/big-ogrod.pl\/en\/wp-json\/wp\/v2\/pages\/3503\/revisions\/3516"}],"wp:attachment":[{"href":"https:\/\/big-ogrod.pl\/en\/wp-json\/wp\/v2\/media?parent=3503"}],"curies":[{"name":"wp","href":"https:\/\/api.w.org\/{rel}","templated":true}]}}