{"id":3057,"date":"2025-11-02T16:54:48","date_gmt":"2025-11-02T15:54:48","guid":{"rendered":"https:\/\/big-ogrod.pl\/?page_id=3057"},"modified":"2025-12-09T08:21:07","modified_gmt":"2025-12-09T07:21:07","slug":"o-firmie","status":"publish","type":"page","link":"https:\/\/big-ogrod.pl\/en\/o-firmie\/","title":{"rendered":"O firmie"},"content":{"rendered":"<div data-elementor-type=\"wp-page\" data-elementor-id=\"3057\" class=\"elementor elementor-3057\" data-elementor-post-type=\"page\">\n\t\t\t\t<div class=\"elementor-element elementor-element-106dfcd e-con-full e-flex e-con e-parent\" data-id=\"106dfcd\" data-element_type=\"container\" data-e-type=\"container\">\n\t\t<div class=\"elementor-element elementor-element-7c269c4 e-con-full animated-slow e-flex elementor-invisible e-con e-child\" data-id=\"7c269c4\" data-element_type=\"container\" data-e-type=\"container\" data-settings=\"{&quot;background_background&quot;:&quot;classic&quot;,&quot;animation&quot;:&quot;fadeIn&quot;}\">\n\t\t\t\t<div class=\"elementor-element elementor-element-ec498bf elementor-widget elementor-widget-text-editor\" data-id=\"ec498bf\" data-element_type=\"widget\" data-e-type=\"widget\" data-widget_type=\"text-editor.default\">\n\t\t\t\t\t\t\t\t\t<p><strong>BiG Gardening Tools <\/strong>is a Polish family-owned company with over 30 years of experience in the gardening tools industry. Our business began with the production of varnished tool handles, which became the foundation for our continued growth and position in both domestic and international markets.<\/p><p>We design gardening tools to be reliable and durable \u2013 whether they're for home gardens or professional plantations. We focus on the details: the right choice of materials, a comfortable grip, a stable handle, and the durability of metal parts. These are the factors that ensure BiG tools last for years.<\/p><p>As a socially and environmentally conscious manufacturer of gardening tools, we are FSC\u00ae certified, confirming the use of raw materials from responsibly managed sources.<\/p><p>We believe that the combination of modern solutions, experience, and a responsible approach to the environment makes our products unique. <strong>BiG Gardening Tools<\/strong> is more than a manufacturer \u2013 it is a brand that has been building lasting relationships for over three decades, providing gardening tools that really make work easier and give satisfaction with the results.<\/p><p><strong>BiG Gardening Tools \u2013 tradition, professionalism and trust built over generations.<\/strong><\/p>\t\t\t\t\t\t\t\t<\/div>\n\t\t\t\t<\/div>\n\t\t<div class=\"elementor-element elementor-element-c946b69 e-con-full animated-slow e-flex elementor-invisible e-con e-child\" data-id=\"c946b69\" data-element_type=\"container\" data-e-type=\"container\" data-settings=\"{&quot;background_background&quot;:&quot;classic&quot;,&quot;animation&quot;:&quot;fadeIn&quot;}\">\n\t\t\t\t<\/div>\n\t\t\t\t<\/div>\n\t\t\t\t<\/div>","protected":false},"excerpt":{"rendered":"<p>BiG Gardening Tools to polska firma rodzinna z ponad 30-letnim do\u015bwiadczeniem w bran\u017cy narz\u0119dzi ogrodniczych. Nasza dzia\u0142alno\u015b\u0107 rozpocz\u0119\u0142a si\u0119 od produkcji trzonk\u00f3w lakierowanych do narz\u0119dzi ,kt\u00f3re sta\u0142y si\u0119 fundamentem dalszego rozwoju i budowania pozycji na rynku krajowym oraz zagranicznym. Narz\u0119dzia ogrodnicze projektujemy tak, aby by\u0142y niezawodne i wytrzyma\u0142e \u2013 niezale\u017cnie od tego, czy trafiaj\u0105 do [&hellip;]<\/p>\n","protected":false},"author":1,"featured_media":3898,"parent":0,"menu_order":0,"comment_status":"closed","ping_status":"closed","template":"elementor_header_footer","meta":{"footnotes":""},"class_list":["post-3057","page","type-page","status-publish","has-post-thumbnail","hentry"],"yoast_head":"<!-- This site is optimized with the Yoast SEO plugin v27.4 - https:\/\/yoast.com\/product\/yoast-seo-wordpress\/ -->\n<title>O firmie - BIG Ogr\u00f3d<\/title>\n<meta name=\"description\" content=\"Polska, rodzinna marka z 30-letnim do\u015bwiadczeniem. BiG Gardening Tools tworzy trwa\u0142e, ergonomiczne narz\u0119dzia ogrodnicze z certyfikatem FSC\u00ae.\" \/>\n<meta name=\"robots\" content=\"index, follow, max-snippet:-1, max-image-preview:large, max-video-preview:-1\" \/>\n<link rel=\"canonical\" href=\"https:\/\/big-ogrod.pl\/en\/o-firmie\/\" \/>\n<meta property=\"og:locale\" content=\"en_US\" \/>\n<meta property=\"og:type\" content=\"article\" \/>\n<meta property=\"og:title\" content=\"O firmie - BIG Ogr\u00f3d\" \/>\n<meta property=\"og:description\" content=\"Polska, rodzinna marka z 30-letnim do\u015bwiadczeniem. BiG Gardening Tools tworzy trwa\u0142e, ergonomiczne narz\u0119dzia ogrodnicze z certyfikatem FSC\u00ae.\" \/>\n<meta property=\"og:url\" content=\"https:\/\/big-ogrod.pl\/en\/o-firmie\/\" \/>\n<meta property=\"og:site_name\" content=\"BIG Ogr\u00f3d\" \/>\n<meta property=\"article:modified_time\" content=\"2025-12-09T07:21:07+00:00\" \/>\n<meta property=\"og:image\" content=\"https:\/\/big-ogrod.pl\/wp-content\/uploads\/2025\/12\/Projekt-bez-nazwy-39-724x1024.png\" \/>\n\t<meta property=\"og:image:width\" content=\"724\" \/>\n\t<meta property=\"og:image:height\" content=\"1024\" \/>\n\t<meta property=\"og:image:type\" content=\"image\/png\" \/>\n<meta name=\"twitter:card\" content=\"summary_large_image\" \/>\n<meta name=\"twitter:label1\" content=\"Est. reading time\" \/>\n\t<meta name=\"twitter:data1\" content=\"2 minutes\" \/>\n<script type=\"application\/ld+json\" class=\"yoast-schema-graph\">{\"@context\":\"https:\\\/\\\/schema.org\",\"@graph\":[{\"@type\":\"WebPage\",\"@id\":\"https:\\\/\\\/big-ogrod.pl\\\/o-firmie\\\/\",\"url\":\"https:\\\/\\\/big-ogrod.pl\\\/o-firmie\\\/\",\"name\":\"O firmie - BIG Ogr\u00f3d\",\"isPartOf\":{\"@id\":\"https:\\\/\\\/big-ogrod.pl\\\/#website\"},\"primaryImageOfPage\":{\"@id\":\"https:\\\/\\\/big-ogrod.pl\\\/o-firmie\\\/#primaryimage\"},\"image\":{\"@id\":\"https:\\\/\\\/big-ogrod.pl\\\/o-firmie\\\/#primaryimage\"},\"thumbnailUrl\":\"https:\\\/\\\/big-ogrod.pl\\\/wp-content\\\/uploads\\\/2025\\\/12\\\/Projekt-bez-nazwy-39.png\",\"datePublished\":\"2025-11-02T15:54:48+00:00\",\"dateModified\":\"2025-12-09T07:21:07+00:00\",\"description\":\"Polska, rodzinna marka z 30-letnim do\u015bwiadczeniem. BiG Gardening Tools tworzy trwa\u0142e, ergonomiczne narz\u0119dzia ogrodnicze z certyfikatem FSC\u00ae.\",\"breadcrumb\":{\"@id\":\"https:\\\/\\\/big-ogrod.pl\\\/o-firmie\\\/#breadcrumb\"},\"inLanguage\":\"en-US\",\"potentialAction\":[{\"@type\":\"ReadAction\",\"target\":[\"https:\\\/\\\/big-ogrod.pl\\\/o-firmie\\\/\"]}]},{\"@type\":\"ImageObject\",\"inLanguage\":\"en-US\",\"@id\":\"https:\\\/\\\/big-ogrod.pl\\\/o-firmie\\\/#primaryimage\",\"url\":\"https:\\\/\\\/big-ogrod.pl\\\/wp-content\\\/uploads\\\/2025\\\/12\\\/Projekt-bez-nazwy-39.png\",\"contentUrl\":\"https:\\\/\\\/big-ogrod.pl\\\/wp-content\\\/uploads\\\/2025\\\/12\\\/Projekt-bez-nazwy-39.png\",\"width\":1587,\"height\":2245},{\"@type\":\"BreadcrumbList\",\"@id\":\"https:\\\/\\\/big-ogrod.pl\\\/o-firmie\\\/#breadcrumb\",\"itemListElement\":[{\"@type\":\"ListItem\",\"position\":1,\"name\":\"Strona g\u0142\u00f3wna\",\"item\":\"https:\\\/\\\/big-ogrod.pl\\\/\"},{\"@type\":\"ListItem\",\"position\":2,\"name\":\"O firmie\"}]},{\"@type\":\"WebSite\",\"@id\":\"https:\\\/\\\/big-ogrod.pl\\\/#website\",\"url\":\"https:\\\/\\\/big-ogrod.pl\\\/\",\"name\":\"BIG Ogr\u00f3d\",\"description\":\"\",\"publisher\":{\"@id\":\"https:\\\/\\\/big-ogrod.pl\\\/#organization\"},\"potentialAction\":[{\"@type\":\"SearchAction\",\"target\":{\"@type\":\"EntryPoint\",\"urlTemplate\":\"https:\\\/\\\/big-ogrod.pl\\\/?s={search_term_string}\"},\"query-input\":{\"@type\":\"PropertyValueSpecification\",\"valueRequired\":true,\"valueName\":\"search_term_string\"}}],\"inLanguage\":\"en-US\"},{\"@type\":\"Organization\",\"@id\":\"https:\\\/\\\/big-ogrod.pl\\\/#organization\",\"name\":\"BIG Ogr\u00f3d\",\"url\":\"https:\\\/\\\/big-ogrod.pl\\\/\",\"logo\":{\"@type\":\"ImageObject\",\"inLanguage\":\"en-US\",\"@id\":\"https:\\\/\\\/big-ogrod.pl\\\/#\\\/schema\\\/logo\\\/image\\\/\",\"url\":\"https:\\\/\\\/big-ogrod.pl\\\/wp-content\\\/uploads\\\/2025\\\/10\\\/Logo_Org_Scaled.png\",\"contentUrl\":\"https:\\\/\\\/big-ogrod.pl\\\/wp-content\\\/uploads\\\/2025\\\/10\\\/Logo_Org_Scaled.png\",\"width\":250,\"height\":68,\"caption\":\"BIG Ogr\u00f3d\"},\"image\":{\"@id\":\"https:\\\/\\\/big-ogrod.pl\\\/#\\\/schema\\\/logo\\\/image\\\/\"}}]}<\/script>\n<!-- \/ Yoast SEO plugin. -->","yoast_head_json":{"title":"O firmie - BIG Ogr\u00f3d","description":"Polska, rodzinna marka z 30-letnim do\u015bwiadczeniem. BiG Gardening Tools tworzy trwa\u0142e, ergonomiczne narz\u0119dzia ogrodnicze z certyfikatem FSC\u00ae.","robots":{"index":"index","follow":"follow","max-snippet":"max-snippet:-1","max-image-preview":"max-image-preview:large","max-video-preview":"max-video-preview:-1"},"canonical":"https:\/\/big-ogrod.pl\/en\/o-firmie\/","og_locale":"en_US","og_type":"article","og_title":"O firmie - BIG Ogr\u00f3d","og_description":"Polska, rodzinna marka z 30-letnim do\u015bwiadczeniem. BiG Gardening Tools tworzy trwa\u0142e, ergonomiczne narz\u0119dzia ogrodnicze z certyfikatem FSC\u00ae.","og_url":"https:\/\/big-ogrod.pl\/en\/o-firmie\/","og_site_name":"BIG Ogr\u00f3d","article_modified_time":"2025-12-09T07:21:07+00:00","og_image":[{"width":724,"height":1024,"url":"https:\/\/big-ogrod.pl\/wp-content\/uploads\/2025\/12\/Projekt-bez-nazwy-39-724x1024.png","type":"image\/png"}],"twitter_card":"summary_large_image","twitter_misc":{"Est. reading time":"2 minutes"},"schema":{"@context":"https:\/\/schema.org","@graph":[{"@type":"WebPage","@id":"https:\/\/big-ogrod.pl\/o-firmie\/","url":"https:\/\/big-ogrod.pl\/o-firmie\/","name":"O firmie - BIG Ogr\u00f3d","isPartOf":{"@id":"https:\/\/big-ogrod.pl\/#website"},"primaryImageOfPage":{"@id":"https:\/\/big-ogrod.pl\/o-firmie\/#primaryimage"},"image":{"@id":"https:\/\/big-ogrod.pl\/o-firmie\/#primaryimage"},"thumbnailUrl":"https:\/\/big-ogrod.pl\/wp-content\/uploads\/2025\/12\/Projekt-bez-nazwy-39.png","datePublished":"2025-11-02T15:54:48+00:00","dateModified":"2025-12-09T07:21:07+00:00","description":"Polska, rodzinna marka z 30-letnim do\u015bwiadczeniem. BiG Gardening Tools tworzy trwa\u0142e, ergonomiczne narz\u0119dzia ogrodnicze z certyfikatem FSC\u00ae.","breadcrumb":{"@id":"https:\/\/big-ogrod.pl\/o-firmie\/#breadcrumb"},"inLanguage":"en-US","potentialAction":[{"@type":"ReadAction","target":["https:\/\/big-ogrod.pl\/o-firmie\/"]}]},{"@type":"ImageObject","inLanguage":"en-US","@id":"https:\/\/big-ogrod.pl\/o-firmie\/#primaryimage","url":"https:\/\/big-ogrod.pl\/wp-content\/uploads\/2025\/12\/Projekt-bez-nazwy-39.png","contentUrl":"https:\/\/big-ogrod.pl\/wp-content\/uploads\/2025\/12\/Projekt-bez-nazwy-39.png","width":1587,"height":2245},{"@type":"BreadcrumbList","@id":"https:\/\/big-ogrod.pl\/o-firmie\/#breadcrumb","itemListElement":[{"@type":"ListItem","position":1,"name":"Strona g\u0142\u00f3wna","item":"https:\/\/big-ogrod.pl\/"},{"@type":"ListItem","position":2,"name":"O firmie"}]},{"@type":"WebSite","@id":"https:\/\/big-ogrod.pl\/#website","url":"https:\/\/big-ogrod.pl\/","name":"BIG Ogr\u00f3d","description":"","publisher":{"@id":"https:\/\/big-ogrod.pl\/#organization"},"potentialAction":[{"@type":"SearchAction","target":{"@type":"EntryPoint","urlTemplate":"https:\/\/big-ogrod.pl\/?s={search_term_string}"},"query-input":{"@type":"PropertyValueSpecification","valueRequired":true,"valueName":"search_term_string"}}],"inLanguage":"en-US"},{"@type":"Organization","@id":"https:\/\/big-ogrod.pl\/#organization","name":"BIG Ogr\u00f3d","url":"https:\/\/big-ogrod.pl\/","logo":{"@type":"ImageObject","inLanguage":"en-US","@id":"https:\/\/big-ogrod.pl\/#\/schema\/logo\/image\/","url":"https:\/\/big-ogrod.pl\/wp-content\/uploads\/2025\/10\/Logo_Org_Scaled.png","contentUrl":"https:\/\/big-ogrod.pl\/wp-content\/uploads\/2025\/10\/Logo_Org_Scaled.png","width":250,"height":68,"caption":"BIG Ogr\u00f3d"},"image":{"@id":"https:\/\/big-ogrod.pl\/#\/schema\/logo\/image\/"}}]}},"_links":{"self":[{"href":"https:\/\/big-ogrod.pl\/en\/wp-json\/wp\/v2\/pages\/3057","targetHints":{"allow":["GET"]}}],"collection":[{"href":"https:\/\/big-ogrod.pl\/en\/wp-json\/wp\/v2\/pages"}],"about":[{"href":"https:\/\/big-ogrod.pl\/en\/wp-json\/wp\/v2\/types\/page"}],"author":[{"embeddable":true,"href":"https:\/\/big-ogrod.pl\/en\/wp-json\/wp\/v2\/users\/1"}],"replies":[{"embeddable":true,"href":"https:\/\/big-ogrod.pl\/en\/wp-json\/wp\/v2\/comments?post=3057"}],"version-history":[{"count":20,"href":"https:\/\/big-ogrod.pl\/en\/wp-json\/wp\/v2\/pages\/3057\/revisions"}],"predecessor-version":[{"id":3897,"href":"https:\/\/big-ogrod.pl\/en\/wp-json\/wp\/v2\/pages\/3057\/revisions\/3897"}],"wp:featuredmedia":[{"embeddable":true,"href":"https:\/\/big-ogrod.pl\/en\/wp-json\/wp\/v2\/media\/3898"}],"wp:attachment":[{"href":"https:\/\/big-ogrod.pl\/en\/wp-json\/wp\/v2\/media?parent=3057"}],"curies":[{"name":"wp","href":"https:\/\/api.w.org\/{rel}","templated":true}]}}